{"id":3941,"date":"2019-08-28T20:45:09","date_gmt":"2019-08-28T18:45:09","guid":{"rendered":"https:\/\/marcomiele.de\/contact\/"},"modified":"2025-12-19T11:59:07","modified_gmt":"2025-12-19T10:59:07","slug":"contact","status":"publish","type":"page","link":"https:\/\/marcomiele.de\/en\/contact\/","title":{"rendered":"Contact"},"content":{"rendered":"\n<style type=\"text\/css\" data-created_by=\"avia_inline_auto\" id=\"style-css-av-11cnsid-536e1656330b29e8b332faf35d67f3e3\">\n.avia-section.av-11cnsid-536e1656330b29e8b332faf35d67f3e3 .av-parallax .av-parallax-inner{\nbackground-repeat:no-repeat;\nbackground-image:url(https:\/\/marcomiele.de\/wp-content\/uploads\/2025\/03\/MM_Kontakt_KV_pc.jpg);\nbackground-position:100% 0%;\nbackground-attachment:scroll;\n}\n<\/style>\n<div id='av_section_1'  class='avia-section av-11cnsid-536e1656330b29e8b332faf35d67f3e3 main_color avia-section-large avia-no-border-styling  avia-builder-el-0  el_before_av_section  avia-builder-el-first  av-small-hide av-mini-hide av-parallax-section avia-bg-style-parallax av-minimum-height av-minimum-height-custom av-height-custom  container_wrap sidebar_right'  data-section-bg-repeat='no-repeat' data-av_minimum_height_px='600'><div class='av-parallax' data-avia-parallax-ratio='0.3' ><div class='av-parallax-inner main_color avia-full-stretch'><\/div><\/div><div class='container av-section-cont-open' style='height:600px'><main  role=\"main\" itemprop=\"mainContentOfPage\"  class='template-page content  av-content-small alpha units'><div class='post-entry post-entry-type-page post-entry-3941'><div class='entry-content-wrapper clearfix'>\n\n<style type=\"text\/css\" data-created_by=\"avia_inline_auto\" id=\"style-css-av-106bfyt-36c42b316ba1a1061de0da264cc844f7\">\n.flex_column.av-106bfyt-36c42b316ba1a1061de0da264cc844f7{\nborder-radius:0px 0px 0px 0px;\npadding:0px 0px 0px 0px;\n}\n<\/style>\n<div  class='flex_column av-106bfyt-36c42b316ba1a1061de0da264cc844f7 av_one_full  avia-builder-el-1  avia-builder-el-no-sibling  text-kontakt first flex_column_div av-animated-generic left-to-right av-zero-column-padding  '     ><section  class='av_textblock_section av-xhod1x-1a9c8787088d719e57a32f3f177b4b27 '   itemscope=\"itemscope\" itemtype=\"https:\/\/schema.org\/CreativeWork\" ><div class='avia_textblock'  itemprop=\"text\" ><p class=\"mmtitle\">CONTACT<\/p>\n<h3 class=\"mmsubtitle\">Get in touch with Marco Miele!<\/h3>\n<\/div><\/section><\/div>\n\n<\/div><\/div><\/main><!-- close content main element --><\/div><\/div>\n<style type=\"text\/css\" data-created_by=\"avia_inline_auto\" id=\"style-css-av-l1s5p5wa-30f4f8a398a708e1143bc825446ad4b2\">\n.avia-section.av-l1s5p5wa-30f4f8a398a708e1143bc825446ad4b2{\nbackground-repeat:no-repeat;\nbackground-image:url(https:\/\/marcomiele.de\/wp-content\/uploads\/2025\/03\/MM_Kontakt_KV_mob.jpg);\nbackground-position:50% 100%;\nbackground-attachment:scroll;\n}\n<\/style>\n<div id='av_section_2'  class='avia-section av-l1s5p5wa-30f4f8a398a708e1143bc825446ad4b2 main_color avia-section-large avia-no-border-styling  avia-builder-el-3  el_after_av_section  el_before_av_section  av-desktop-hide av-medium-hide avia-bg-style-scroll av-minimum-height av-minimum-height-70 av-height-percent  container_wrap sidebar_right'  data-section-bg-repeat='no-repeat' data-av_minimum_height_pc='70' data-av_min_height_opt='percent'><div class='container av-section-cont-open' ><div class='template-page content  av-content-small alpha units'><div class='post-entry post-entry-type-page post-entry-3941'><div class='entry-content-wrapper clearfix'>\n\n<style type=\"text\/css\" data-created_by=\"avia_inline_auto\" id=\"style-css-av-xpnkk5-0159d7fd787f546b26a912c3214561f3\">\n#top .flex_column.av-xpnkk5-0159d7fd787f546b26a912c3214561f3{\nmargin-top:0px;\nmargin-bottom:200px;\n}\n.flex_column.av-xpnkk5-0159d7fd787f546b26a912c3214561f3{\nborder-radius:0px 0px 0px 0px;\npadding:0px 0px 0px 0px;\n}\n.responsive #top #wrap_all .flex_column.av-xpnkk5-0159d7fd787f546b26a912c3214561f3{\nmargin-top:0px;\nmargin-bottom:200px;\n}\n<\/style>\n<div  class='flex_column av-xpnkk5-0159d7fd787f546b26a912c3214561f3 av_one_full  avia-builder-el-4  avia-builder-el-no-sibling  text-kontakt first flex_column_div av-animated-generic top-to-bottom av-zero-column-padding  '     ><section  class='av_textblock_section av-l1s5paa3-1f34ff35d37a16f7f164554183be0565 '   itemscope=\"itemscope\" itemtype=\"https:\/\/schema.org\/CreativeWork\" ><div class='avia_textblock'  itemprop=\"text\" ><p class=\"mmtitle\" style=\"text-align: center;\">CONTACT<\/p>\n<h3 class=\"mmsubtitle\" style=\"text-align: center;\">Get in touch with Marco Miele!<\/h3>\n<\/div><\/section><\/div>\n\n<\/div><\/div><\/div><!-- close content main div --><\/div><\/div>\n<style type=\"text\/css\" data-created_by=\"avia_inline_auto\" id=\"style-css-av-vo9gth-7cd8857f3e8415deaafec1d425822fc0\">\n.avia-section.av-vo9gth-7cd8857f3e8415deaafec1d425822fc0{\nmargin-top:0px;\nmargin-bottom:0px;\n}\n.avia-section.av-vo9gth-7cd8857f3e8415deaafec1d425822fc0 .av-extra-border-element .av-extra-border-inner{\nbackground-color:#e0b057;\n}\n<\/style>\n<div id='kontakt'  class='avia-section av-vo9gth-7cd8857f3e8415deaafec1d425822fc0 main_color avia-section-small avia-no-border-styling  avia-builder-el-6  el_after_av_section  avia-builder-el-last  avia-bg-style-scroll container_wrap sidebar_right'  ><div class='container av-section-cont-open' ><div class='template-page content  av-content-small alpha units'><div class='post-entry post-entry-type-page post-entry-3941'><div class='entry-content-wrapper clearfix'>\n\n<style type=\"text\/css\" data-created_by=\"avia_inline_auto\" id=\"style-css-av-av_hr-6dff204695ba241211c9f155edf16b2d\">\n#top .hr.av-av_hr-6dff204695ba241211c9f155edf16b2d{\nmargin-top:0px;\nmargin-bottom:0px;\n}\n.hr.av-av_hr-6dff204695ba241211c9f155edf16b2d .hr-inner{\nwidth:50px;\n}\n<\/style>\n<div  class='hr av-av_hr-6dff204695ba241211c9f155edf16b2d hr-custom  avia-builder-el-7  el_before_av_one_half  avia-builder-el-first  av-small-hide av-mini-hide hr-center hr-icon-no'><span class='hr-inner inner-border-av-border-none'><span class=\"hr-inner-style\"><\/span><\/span><\/div>\n\n<style type=\"text\/css\" data-created_by=\"avia_inline_auto\" id=\"style-css-av-u154g5-5e374d428b4c308680ec278779418e92\">\n.flex_column.av-u154g5-5e374d428b4c308680ec278779418e92{\nborder-radius:0px 0px 0px 0px;\npadding:0px 0px 0px 0px;\n}\n<\/style>\n<div  class='flex_column av-u154g5-5e374d428b4c308680ec278779418e92 av_one_half  avia-builder-el-8  el_after_av_hr  el_before_av_one_half  first av-break-at-tablet flex_column_div av-zero-column-padding  '     ><section  class='av_textblock_section av-sccrl1-315f70e8731f8bd0fda97850bfaab521 '   itemscope=\"itemscope\" itemtype=\"https:\/\/schema.org\/CreativeWork\" ><div class='avia_textblock'  itemprop=\"text\" ><h1>Contact Details<\/h1>\n<\/div><\/section><br \/>\n<section  class='av_textblock_section av-av_textblock-f868d44c56975a8acd5921b303edd4e7 '   itemscope=\"itemscope\" itemtype=\"https:\/\/schema.org\/CreativeWork\" ><div class='avia_textblock av_inherit_color'  itemprop=\"text\" ><p>Would you like your guests to experience magical moments that will be remembered for a long time? Would you like your company party to have a very special highlight that exceeds the expectations of your boss? Then get in touch with us and plan your unforgettable event together with Marco Miele.<\/p>\n<\/div><\/section><br \/>\n\n<style type=\"text\/css\" data-created_by=\"avia_inline_auto\" id=\"style-css-av-k78wgzkm-5083ea666bb471031473b593bf3d7f2c\">\n#top .avia-icon-list-container.av-k78wgzkm-5083ea666bb471031473b593bf3d7f2c .iconlist_icon{\nbackground-color:#ddac0d;\n}\n<\/style>\n<div  class='avia-icon-list-container av-k78wgzkm-5083ea666bb471031473b593bf3d7f2c  avia-builder-el-11  el_after_av_textblock  avia-builder-el-last '><ul class='avia-icon-list avia_animate_when_almost_visible avia-icon-list-left av-iconlist-big av-k78wgzkm-5083ea666bb471031473b593bf3d7f2c avia-iconlist-animate'>\n<li><a href='tel:+4971439097708' title='Office +49 7143 909 77 08'  class='iconlist_icon av-q5s6vp-fc2d8d80f19e0b577e1e003d4a945890 avia-font-entypo-fontello avia-iconfont avia-font-entypo-fontello'><span class='av-icon-char' data-av_icon='\ue854' data-av_iconfont='entypo-fontello' aria-hidden=\"true\"><\/span><\/a><article class=\"article-icon-entry av-iconlist-empty\"  itemscope=\"itemscope\" itemtype=\"https:\/\/schema.org\/CreativeWork\" ><div class=\"iconlist_content_wrap\"><header class=\"entry-content-header\" aria-label=\"Icon: &lt;a href=&#039;tel:+4971439097708&#039; title=&#039;Office +49 7143 909 77 08&#039;&gt;Office +49 7143 909 77 08&lt;\/a&gt;\"><h4 class='av_iconlist_title iconlist_title  '  itemprop=\"headline\" ><a href='tel:+4971439097708' title='Office +49 7143 909 77 08'>Office +49 7143 909 77 08<\/a><\/h4><\/header><div class='iconlist_content '  itemprop=\"text\" ><\/div><\/div><footer class=\"entry-footer\"><\/footer><\/article><div class=\"iconlist-timeline\"><\/div><\/li>\n<li><a href='tel:+491631789680' title='Mobile +49 163 178 96 80'  class='iconlist_icon av-oer12d-472f7d759888351bed6e6cfc694ad109 avia-font-entypo-fontello avia-iconfont avia-font-entypo-fontello'><span class='av-icon-char' data-av_icon='\ue8ac' data-av_iconfont='entypo-fontello' aria-hidden=\"true\"><\/span><\/a><article class=\"article-icon-entry av-iconlist-empty\"  itemscope=\"itemscope\" itemtype=\"https:\/\/schema.org\/CreativeWork\" ><div class=\"iconlist_content_wrap\"><header class=\"entry-content-header\" aria-label=\"Icon: &lt;a href=&#039;tel:+491631789680&#039; title=&#039;Mobile +49 163 178 96 80&#039;&gt;Mobile +49 163 178 96 80&lt;\/a&gt;\"><h4 class='av_iconlist_title iconlist_title  '  itemprop=\"headline\" ><a href='tel:+491631789680' title='Mobile +49 163 178 96 80'>Mobile +49 163 178 96 80<\/a><\/h4><\/header><div class='iconlist_content '  itemprop=\"text\" ><\/div><\/div><footer class=\"entry-footer\"><\/footer><\/article><div class=\"iconlist-timeline\"><\/div><\/li>\n<li><a href='mailto:info@marcomiele.de' title='info@marcomiele.de'  target=\"_blank\"  rel=\"noopener noreferrer\" class='iconlist_icon av-m5n5bp-d79bb98514e01f15901a95c3b13f1c1c avia-font-entypo-fontello avia-iconfont avia-font-entypo-fontello'><span class='av-icon-char' data-av_icon='\ue805' data-av_iconfont='entypo-fontello' aria-hidden=\"true\"><\/span><\/a><article class=\"article-icon-entry av-iconlist-empty\"  itemscope=\"itemscope\" itemtype=\"https:\/\/schema.org\/CreativeWork\" ><div class=\"iconlist_content_wrap\"><header class=\"entry-content-header\" aria-label=\"Icon: &lt;a href=&#039;mailto:info@marcomiele.de&#039; title=&#039;info@marcomiele.de&#039; target=&quot;_blank&quot;  rel=&quot;noopener noreferrer&quot;&gt;info@marcomiele.de&lt;\/a&gt;\"><h4 class='av_iconlist_title iconlist_title  '  itemprop=\"headline\" ><a href='mailto:info@marcomiele.de' title='info@marcomiele.de' target=\"_blank\"  rel=\"noopener noreferrer\">info@marcomiele.de<\/a><\/h4><\/header><div class='iconlist_content '  itemprop=\"text\" ><\/div><\/div><footer class=\"entry-footer\"><\/footer><\/article><div class=\"iconlist-timeline\"><\/div><\/li>\n<\/ul><\/div><\/p><\/div>\n<style type=\"text\/css\" data-created_by=\"avia_inline_auto\" id=\"style-css-av-g5z35h-d0023d4f203450a1b2d3d6ddf069a608\">\n.flex_column.av-g5z35h-d0023d4f203450a1b2d3d6ddf069a608{\nborder-radius:0px 0px 0px 0px;\npadding:0px 0px 0px 0px;\n}\n<\/style>\n<div  class='flex_column av-g5z35h-d0023d4f203450a1b2d3d6ddf069a608 av_one_half  avia-builder-el-12  el_after_av_one_half  el_before_av_hr  av-break-at-tablet flex_column_div av-zero-column-padding  '     ><section  class='av_textblock_section av-raq65h-4ba88447b7ead803b9d49e1104addc37 '   itemscope=\"itemscope\" itemtype=\"https:\/\/schema.org\/CreativeWork\" ><div class='avia_textblock av_inherit_color'  itemprop=\"text\" ><blockquote>\n<p>For him, magic has to do with emotions, with stories that connect people.<\/p>\n<p><img loading=\"lazy\" decoding=\"async\" class=\"wp-image-22792 aligncenter\" src=\"https:\/\/marcomiele.de\/wp-content\/uploads\/2025\/12\/Frankfurter_Allgemeine_logo.svg.png\" alt=\"\" width=\"303\" height=\"64\" \/><\/p>\n<\/blockquote>\n<\/div><\/section><br \/>\n\n<style type=\"text\/css\" data-created_by=\"avia_inline_auto\" id=\"style-css-av-eqx611-7e13139ddf1d256d49abbfda18b3789c\">\n#top .av_textblock_section.av-eqx611-7e13139ddf1d256d49abbfda18b3789c .avia_textblock{\ncolor:#e0b057;\n}\n<\/style>\n<section  class='av_textblock_section av-eqx611-7e13139ddf1d256d49abbfda18b3789c '   itemscope=\"itemscope\" itemtype=\"https:\/\/schema.org\/CreativeWork\" ><div class='avia_textblock av_inherit_color'  itemprop=\"text\" ><p><img loading=\"lazy\" decoding=\"async\" class=\"wp-image-21186 aligncenter\" src=\"https:\/\/marcomiele.de\/wp-content\/uploads\/2024\/11\/Logo-black_MarcoMiele.png\" alt=\"\" width=\"669\" height=\"309\" srcset=\"https:\/\/marcomiele.de\/wp-content\/uploads\/2024\/11\/Logo-black_MarcoMiele.png 1920w, https:\/\/marcomiele.de\/wp-content\/uploads\/2024\/11\/Logo-black_MarcoMiele-300x139.png 300w, https:\/\/marcomiele.de\/wp-content\/uploads\/2024\/11\/Logo-black_MarcoMiele-1030x476.png 1030w, https:\/\/marcomiele.de\/wp-content\/uploads\/2024\/11\/Logo-black_MarcoMiele-768x355.png 768w, https:\/\/marcomiele.de\/wp-content\/uploads\/2024\/11\/Logo-black_MarcoMiele-1536x710.png 1536w, https:\/\/marcomiele.de\/wp-content\/uploads\/2024\/11\/Logo-black_MarcoMiele-1500x693.png 1500w, https:\/\/marcomiele.de\/wp-content\/uploads\/2024\/11\/Logo-black_MarcoMiele-705x326.png 705w\" sizes=\"auto, (max-width: 669px) 100vw, 669px\" \/><\/p>\n<\/div><\/section><\/p><\/div>\n<style type=\"text\/css\" data-created_by=\"avia_inline_auto\" id=\"style-css-av-l8ssl3qn-cc305f29d93d0ac4cdfea9ef8636e91e\">\n#top .hr.av-l8ssl3qn-cc305f29d93d0ac4cdfea9ef8636e91e{\nmargin-top:0px;\nmargin-bottom:0px;\n}\n.hr.av-l8ssl3qn-cc305f29d93d0ac4cdfea9ef8636e91e .hr-inner{\nwidth:50px;\n}\n<\/style>\n<div  class='hr av-l8ssl3qn-cc305f29d93d0ac4cdfea9ef8636e91e hr-custom  avia-builder-el-15  el_after_av_one_half  avia-builder-el-last  hr-center hr-icon-no'><span class='hr-inner inner-border-av-border-none'><span class=\"hr-inner-style\"><\/span><\/span><\/div>\n<\/div><\/div><\/div><!-- close content main div --><\/div><div class='av-extra-border-element border-extra-diagonal border-extra-diagonal-inverse '><div class='av-extra-border-outer'><div class='av-extra-border-inner'><\/div><\/div><\/div><\/div><div id='after_section_3'  class='main_color av_default_container_wrap container_wrap sidebar_right'  ><div class='container av-section-cont-open' ><div class='template-page content  av-content-small alpha units'><div class='post-entry post-entry-type-page post-entry-3941'><div class='entry-content-wrapper clearfix'>\n","protected":false},"excerpt":{"rendered":"","protected":false},"author":1,"featured_media":0,"parent":0,"menu_order":0,"comment_status":"closed","ping_status":"closed","template":"","meta":{"footnotes":""},"class_list":["post-3941","page","type-page","status-publish","hentry"],"yoast_head":"<!-- This site is optimized with the Yoast SEO plugin v27.3 - https:\/\/yoast.com\/product\/yoast-seo-wordpress\/ -->\n<title>Make your request now for magic moments | Contact - Marco Miele - Magische Momente<\/title>\n<meta name=\"description\" content=\"The Stuttgart magician Marco Miele is available for all kind of event around the world. Let him carry you on an unforgettable journey into the world of magic!\" \/>\n<meta name=\"robots\" content=\"index, follow, max-snippet:-1, max-image-preview:large, max-video-preview:-1\" \/>\n<link rel=\"canonical\" href=\"https:\/\/marcomiele.de\/en\/contact\/\" \/>\n<meta property=\"og:locale\" content=\"en_US\" \/>\n<meta property=\"og:type\" content=\"article\" \/>\n<meta property=\"og:title\" content=\"Make your request now for magic moments | Contact - Marco Miele - Magische Momente\" \/>\n<meta property=\"og:description\" content=\"The Stuttgart magician Marco Miele is available for all kind of event around the world. Let him carry you on an unforgettable journey into the world of magic!\" \/>\n<meta property=\"og:url\" content=\"https:\/\/marcomiele.de\/en\/contact\/\" \/>\n<meta property=\"og:site_name\" content=\"Marco Miele - Magische Momente\" \/>\n<meta property=\"article:modified_time\" content=\"2025-12-19T10:59:07+00:00\" \/>\n<meta property=\"og:image\" content=\"https:\/\/marcomiele.de\/wp-content\/uploads\/2020\/04\/MarcoMiele-OG.jpg\" \/>\n\t<meta property=\"og:image:width\" content=\"1200\" \/>\n\t<meta property=\"og:image:height\" content=\"630\" \/>\n\t<meta property=\"og:image:type\" content=\"image\/jpeg\" \/>\n<meta name=\"twitter:card\" content=\"summary_large_image\" \/>\n<meta name=\"twitter:label1\" content=\"Est. reading time\" \/>\n\t<meta name=\"twitter:data1\" content=\"1 minute\" \/>\n<script type=\"application\/ld+json\" class=\"yoast-schema-graph\">{\"@context\":\"https:\\\/\\\/schema.org\",\"@graph\":[{\"@type\":\"WebPage\",\"@id\":\"https:\\\/\\\/marcomiele.de\\\/en\\\/contact\\\/\",\"url\":\"https:\\\/\\\/marcomiele.de\\\/en\\\/contact\\\/\",\"name\":\"Make your request now for magic moments | Contact - Marco Miele - Magische Momente\",\"isPartOf\":{\"@id\":\"https:\\\/\\\/marcomiele.de\\\/en\\\/#website\"},\"primaryImageOfPage\":{\"@id\":\"https:\\\/\\\/marcomiele.de\\\/en\\\/contact\\\/#primaryimage\"},\"image\":{\"@id\":\"https:\\\/\\\/marcomiele.de\\\/en\\\/contact\\\/#primaryimage\"},\"thumbnailUrl\":\"https:\\\/\\\/marcomiele.de\\\/wp-content\\\/uploads\\\/2025\\\/12\\\/Frankfurter_Allgemeine_logo.svg.png\",\"datePublished\":\"2019-08-28T18:45:09+00:00\",\"dateModified\":\"2025-12-19T10:59:07+00:00\",\"description\":\"The Stuttgart magician Marco Miele is available for all kind of event around the world. Let him carry you on an unforgettable journey into the world of magic!\",\"breadcrumb\":{\"@id\":\"https:\\\/\\\/marcomiele.de\\\/en\\\/contact\\\/#breadcrumb\"},\"inLanguage\":\"en-US\",\"potentialAction\":[{\"@type\":\"ReadAction\",\"target\":[\"https:\\\/\\\/marcomiele.de\\\/en\\\/contact\\\/\"]}]},{\"@type\":\"ImageObject\",\"inLanguage\":\"en-US\",\"@id\":\"https:\\\/\\\/marcomiele.de\\\/en\\\/contact\\\/#primaryimage\",\"url\":\"https:\\\/\\\/marcomiele.de\\\/wp-content\\\/uploads\\\/2025\\\/12\\\/Frankfurter_Allgemeine_logo.svg.png\",\"contentUrl\":\"https:\\\/\\\/marcomiele.de\\\/wp-content\\\/uploads\\\/2025\\\/12\\\/Frankfurter_Allgemeine_logo.svg.png\"},{\"@type\":\"BreadcrumbList\",\"@id\":\"https:\\\/\\\/marcomiele.de\\\/en\\\/contact\\\/#breadcrumb\",\"itemListElement\":[{\"@type\":\"ListItem\",\"position\":1,\"name\":\"Startseite\",\"item\":\"https:\\\/\\\/marcomiele.de\\\/en\\\/\"},{\"@type\":\"ListItem\",\"position\":2,\"name\":\"Contact\"}]},{\"@type\":\"WebSite\",\"@id\":\"https:\\\/\\\/marcomiele.de\\\/en\\\/#website\",\"url\":\"https:\\\/\\\/marcomiele.de\\\/en\\\/\",\"name\":\"Marco Miele - Magische Momente\",\"description\":\"Als Magier und Mentalist ber\u00fchrt und erstaunt Marco Miele seine Zuschauer auf eine besondere, au\u00dfergew\u00f6hnliche, geheimnisvolle Weise.\",\"publisher\":{\"@id\":\"https:\\\/\\\/marcomiele.de\\\/en\\\/#\\\/schema\\\/person\\\/3078a1356065fc75734b8de8c883ed5f\"},\"potentialAction\":[{\"@type\":\"SearchAction\",\"target\":{\"@type\":\"EntryPoint\",\"urlTemplate\":\"https:\\\/\\\/marcomiele.de\\\/en\\\/?s={search_term_string}\"},\"query-input\":{\"@type\":\"PropertyValueSpecification\",\"valueRequired\":true,\"valueName\":\"search_term_string\"}}],\"inLanguage\":\"en-US\"},{\"@type\":[\"Person\",\"Organization\"],\"@id\":\"https:\\\/\\\/marcomiele.de\\\/en\\\/#\\\/schema\\\/person\\\/3078a1356065fc75734b8de8c883ed5f\",\"name\":\"Marco Miele\",\"logo\":{\"@id\":\"https:\\\/\\\/marcomiele.de\\\/en\\\/#\\\/schema\\\/person\\\/image\\\/\"}}]}<\/script>\n<!-- \/ Yoast SEO plugin. -->","yoast_head_json":{"title":"Make your request now for magic moments | Contact - Marco Miele - Magische Momente","description":"The Stuttgart magician Marco Miele is available for all kind of event around the world. Let him carry you on an unforgettable journey into the world of magic!","robots":{"index":"index","follow":"follow","max-snippet":"max-snippet:-1","max-image-preview":"max-image-preview:large","max-video-preview":"max-video-preview:-1"},"canonical":"https:\/\/marcomiele.de\/en\/contact\/","og_locale":"en_US","og_type":"article","og_title":"Make your request now for magic moments | Contact - Marco Miele - Magische Momente","og_description":"The Stuttgart magician Marco Miele is available for all kind of event around the world. Let him carry you on an unforgettable journey into the world of magic!","og_url":"https:\/\/marcomiele.de\/en\/contact\/","og_site_name":"Marco Miele - Magische Momente","article_modified_time":"2025-12-19T10:59:07+00:00","og_image":[{"width":1200,"height":630,"url":"https:\/\/marcomiele.de\/wp-content\/uploads\/2020\/04\/MarcoMiele-OG.jpg","type":"image\/jpeg"}],"twitter_card":"summary_large_image","twitter_misc":{"Est. reading time":"1 minute"},"schema":{"@context":"https:\/\/schema.org","@graph":[{"@type":"WebPage","@id":"https:\/\/marcomiele.de\/en\/contact\/","url":"https:\/\/marcomiele.de\/en\/contact\/","name":"Make your request now for magic moments | Contact - Marco Miele - Magische Momente","isPartOf":{"@id":"https:\/\/marcomiele.de\/en\/#website"},"primaryImageOfPage":{"@id":"https:\/\/marcomiele.de\/en\/contact\/#primaryimage"},"image":{"@id":"https:\/\/marcomiele.de\/en\/contact\/#primaryimage"},"thumbnailUrl":"https:\/\/marcomiele.de\/wp-content\/uploads\/2025\/12\/Frankfurter_Allgemeine_logo.svg.png","datePublished":"2019-08-28T18:45:09+00:00","dateModified":"2025-12-19T10:59:07+00:00","description":"The Stuttgart magician Marco Miele is available for all kind of event around the world. Let him carry you on an unforgettable journey into the world of magic!","breadcrumb":{"@id":"https:\/\/marcomiele.de\/en\/contact\/#breadcrumb"},"inLanguage":"en-US","potentialAction":[{"@type":"ReadAction","target":["https:\/\/marcomiele.de\/en\/contact\/"]}]},{"@type":"ImageObject","inLanguage":"en-US","@id":"https:\/\/marcomiele.de\/en\/contact\/#primaryimage","url":"https:\/\/marcomiele.de\/wp-content\/uploads\/2025\/12\/Frankfurter_Allgemeine_logo.svg.png","contentUrl":"https:\/\/marcomiele.de\/wp-content\/uploads\/2025\/12\/Frankfurter_Allgemeine_logo.svg.png"},{"@type":"BreadcrumbList","@id":"https:\/\/marcomiele.de\/en\/contact\/#breadcrumb","itemListElement":[{"@type":"ListItem","position":1,"name":"Startseite","item":"https:\/\/marcomiele.de\/en\/"},{"@type":"ListItem","position":2,"name":"Contact"}]},{"@type":"WebSite","@id":"https:\/\/marcomiele.de\/en\/#website","url":"https:\/\/marcomiele.de\/en\/","name":"Marco Miele - Magische Momente","description":"Als Magier und Mentalist ber\u00fchrt und erstaunt Marco Miele seine Zuschauer auf eine besondere, au\u00dfergew\u00f6hnliche, geheimnisvolle Weise.","publisher":{"@id":"https:\/\/marcomiele.de\/en\/#\/schema\/person\/3078a1356065fc75734b8de8c883ed5f"},"potentialAction":[{"@type":"SearchAction","target":{"@type":"EntryPoint","urlTemplate":"https:\/\/marcomiele.de\/en\/?s={search_term_string}"},"query-input":{"@type":"PropertyValueSpecification","valueRequired":true,"valueName":"search_term_string"}}],"inLanguage":"en-US"},{"@type":["Person","Organization"],"@id":"https:\/\/marcomiele.de\/en\/#\/schema\/person\/3078a1356065fc75734b8de8c883ed5f","name":"Marco Miele","logo":{"@id":"https:\/\/marcomiele.de\/en\/#\/schema\/person\/image\/"}}]}},"_links":{"self":[{"href":"https:\/\/marcomiele.de\/en\/wp-json\/wp\/v2\/pages\/3941","targetHints":{"allow":["GET"]}}],"collection":[{"href":"https:\/\/marcomiele.de\/en\/wp-json\/wp\/v2\/pages"}],"about":[{"href":"https:\/\/marcomiele.de\/en\/wp-json\/wp\/v2\/types\/page"}],"author":[{"embeddable":true,"href":"https:\/\/marcomiele.de\/en\/wp-json\/wp\/v2\/users\/1"}],"replies":[{"embeddable":true,"href":"https:\/\/marcomiele.de\/en\/wp-json\/wp\/v2\/comments?post=3941"}],"version-history":[{"count":0,"href":"https:\/\/marcomiele.de\/en\/wp-json\/wp\/v2\/pages\/3941\/revisions"}],"wp:attachment":[{"href":"https:\/\/marcomiele.de\/en\/wp-json\/wp\/v2\/media?parent=3941"}],"curies":[{"name":"wp","href":"https:\/\/api.w.org\/{rel}","templated":true}]}}