{"id":3939,"date":"2019-08-28T20:05:46","date_gmt":"2019-08-28T18:05:46","guid":{"rendered":"https:\/\/marcomiele.de\/imprint\/"},"modified":"2025-10-30T15:47:02","modified_gmt":"2025-10-30T14:47:02","slug":"imprint","status":"publish","type":"page","link":"https:\/\/marcomiele.de\/en\/imprint\/","title":{"rendered":"Legal notice"},"content":{"rendered":"<div id='av_section_1'  class='avia-section av-7icler-1f05cca5c2f027e518dfc12c19271b63 main_color avia-section-default avia-no-shadow  avia-builder-el-0  el_before_av_section  avia-builder-el-first  avia-bg-style-scroll container_wrap sidebar_right'  ><div class='container av-section-cont-open' ><main  role=\"main\" itemprop=\"mainContentOfPage\"  class='template-page content  av-content-small alpha units'><div class='post-entry post-entry-type-page post-entry-3939'><div class='entry-content-wrapper clearfix'>\n\n<style type=\"text\/css\" data-created_by=\"avia_inline_auto\" id=\"style-css-av-l8ssx0l4-dbaab68988274e44bf433747368740d6\">\n#top .hr.av-l8ssx0l4-dbaab68988274e44bf433747368740d6{\nmargin-top:0px;\nmargin-bottom:0px;\n}\n.hr.av-l8ssx0l4-dbaab68988274e44bf433747368740d6 .hr-inner{\nwidth:50px;\n}\n<\/style>\n<div  class='hr av-l8ssx0l4-dbaab68988274e44bf433747368740d6 hr-custom  avia-builder-el-1  el_before_av_one_full  avia-builder-el-first  hr-center hr-icon-no'><span class='hr-inner inner-border-av-border-none'><span class=\"hr-inner-style\"><\/span><\/span><\/div>\n\n<style type=\"text\/css\" data-created_by=\"avia_inline_auto\" id=\"style-css-av-l86r7-f616e4142824b3ca92a1d45f5a317c5f\">\n.flex_column.av-l86r7-f616e4142824b3ca92a1d45f5a317c5f{\nborder-radius:0px 0px 0px 0px;\npadding:0px 0px 0px 0px;\n}\n<\/style>\n<div  class='flex_column av-l86r7-f616e4142824b3ca92a1d45f5a317c5f av_one_full  avia-builder-el-2  el_after_av_hr  avia-builder-el-last  first flex_column_div av-zero-column-padding  '     ><section  class='av_textblock_section av-k112ossm-9f4087d256307797adc0cfcc06d522c3 '   itemscope=\"itemscope\" itemtype=\"https:\/\/schema.org\/CreativeWork\" ><div class='avia_textblock'  itemprop=\"text\" ><h1>LEGAL NOTICE<\/h1>\n<h2>ACCORDING TO \u00a7 5 TMG:<\/h2>\n<p>Marco Miele<br \/>\nZauberk\u00fcnstler<br \/>\nBaumbachweg 2\/1<br \/>\n74399 Walheim<\/p>\n<h2>CONTACT:<\/h2>\n<table>\n<tbody>\n<tr>\n<td>Phone:<\/td>\n<td>+49 7143 9097708<\/td>\n<\/tr>\n<tr>\n<td>E-mail:<\/td>\n<td><a href=\"mailto:info@marcomiele.de\">info@marcomiele.de<\/a><\/td>\n<\/tr>\n<\/tbody>\n<\/table>\n<p>Occupational title: magician<br \/>\nSales tax identification number: DE314079211<\/p>\n<h2>RESPONSIBLE FOR CONTENT IN ACCORDANCE WITH \u00a7 55 ABS. 2 RSTV:<\/h2>\n<p>Marco Miele<br \/>\nBaumbachweg 2\/1<br \/>\n74399 Walheim<\/p>\n<p>The European Commission provides a platform for online dispute resolution (OS): <a href=\"http:\/\/ec.europa.eu\/consumers\/odr\">http:\/\/ec.europa.eu\/consumers\/odr<\/a><br \/>\nOur e-mail address can be found above in the imprint.<\/p>\n<p>We are not willing or obliged to participate in dispute resolution procedures before a consumer arbitration board.<\/p>\n<h2>LIABILITY FOR CONTENT<\/h2>\n<p>As a service provider we are responsible according to \u00a7 7 Abs.1 TMG for own contents on these sides according to the general laws. According to \u00a7\u00a7 8 to 10 TMG, however, we as a service provider are not obliged to monitor transmitted or stored external information or to investigate circumstances that indicate illegal activity.<\/p>\n<p>Obligations to remove or block the use of information under general law remain unaffected. However, liability in this regard is only possible from the moment of knowledge of a specific infringement. Upon notification of appropriate violations, we will remove this content immediately.<\/p>\n<h2>LIABILITY FOR LINKS<\/h2>\n<p>Our offer contains links to external websites of third parties on whose contents we have no influence. Therefore we can not assume any liability for these external contents. The content of the linked pages is always the responsibility of the respective provider or operator of the pages. The linked pages were checked for possible legal violations at the time of linking. Illegal content was not recognizable at the time of linking.<\/p>\n<p>However, a permanent content control of the linked pages is not reasonable without concrete evidence of a violation of law. Upon notification of violations, we will remove such links immediately.<\/p>\n<h2>COPYRIGHT<\/h2>\n<p>The content and works on these pages created by the site operators are subject to German copyright law. The duplication, processing, distribution and any kind of exploitation outside the limits of copyright require the written consent of the respective author or creator. Downloads and copies of this site are for private, non-commercial use only.<\/p>\n<p>As far as the contents on this side were not created by the operator, the copyrights of third parties are considered. In particular, content becomes<br \/>\nThird identified as such. Should you still be aware of a copyright infringement, we ask for a note. Upon notification of violations, we will remove such content immediately.<\/p>\n<p>Source: eRecht24<\/p>\n<\/div><\/section><\/div><\/div><\/div><\/main><!-- close content main element --><\/div><\/div><div id='datenschutz'  class='avia-section av-47o1oj-934ae833b965ec2efdf31b3d2d5047c2 main_color avia-section-default avia-no-shadow  avia-builder-el-4  el_after_av_section  avia-builder-el-last  avia-bg-style-scroll container_wrap sidebar_right'  ><div class='container av-section-cont-open' ><div class='template-page content  av-content-small alpha units'><div class='post-entry post-entry-type-page post-entry-3939'><div class='entry-content-wrapper clearfix'>\n\n<style type=\"text\/css\" data-created_by=\"avia_inline_auto\" id=\"style-css-av-2dp04z-0f4bcfd9a8769f9b6ca765570c63e20e\">\n.flex_column.av-2dp04z-0f4bcfd9a8769f9b6ca765570c63e20e{\nborder-radius:0px 0px 0px 0px;\npadding:0px 0px 0px 0px;\n}\n<\/style>\n<div  class='flex_column av-2dp04z-0f4bcfd9a8769f9b6ca765570c63e20e av_one_full  avia-builder-el-5  avia-builder-el-no-sibling  first flex_column_div av-zero-column-padding  '     ><section  class='av_textblock_section av-k112ppu7-f1a14a9ab5db62796bd3851bad87d1fb '   itemscope=\"itemscope\" itemtype=\"https:\/\/schema.org\/CreativeWork\" ><div class='avia_textblock'  itemprop=\"text\" ><h1>DATA PROTECTION<\/h1>\n<p>Responsible body in the sense of the data protection laws, in particular the EU data protection basic regulation (DSGVO), is:<\/p>\n<p>Marco Miele<\/p>\n<p>Zauberk\u00fcnstler<\/p>\n<p>Baumbachweg 2\/1<\/p>\n<p>74399 Walheim<\/p>\n<h2>YOUR AFFECTED RIGHTS<\/h2>\n<p>You can always exercise the following rights under the contact details of our data protection officer:<\/p>\n<ul>\n<li>Information about your stored data and their processing,<\/li>\n<li>Correction of incorrect personal data,<\/li>\n<li>Deletion of your stored data,<\/li>\n<li>Restriction of data processing, if we are not yet allowed to delete your data due to legal obligations,<\/li>\n<li>Objection to the processing of your data by us and<\/li>\n<li>Data portability, if you have consented to the data processing or have signed a contract with us.<\/li>\n<\/ul>\n<p>If you have given us your consent, you can revoke it at any time with effect for the future.<\/p>\n<p>You can always contact the supervisory authority responsible for you with a complaint. Your competent supervisory authority depends on the state of your domicile, your work or the alleged infringement. A list of the non-public-sector supervisory authorities with address can be found <a href=\"https:\/\/www.bfdi.bund.de\/DE\/Infothek\/Anschriften_Links\/anschriften_links-node.html\" target=\"_blank\" rel=\"noopener noreferrer\">&gt;here<\/a>.<\/p>\n<h2>PURPOSES OF DATA PROCESSING BY THE RESPONSIBLE BODY AND THIRD PARTIES<\/h2>\n<p>We process your personal data only for the purposes stated in this privacy policy. A transfer of your personal data to third parties for purposes other than those mentioned does not take place. We only share your personal information with third parties if:<\/p>\n<ul>\n<li>You have given your express consent to<\/li>\n<li>the processing is required to complete a contract with you,<\/li>\n<li>the processing is necessary to fulfill a legal obligation,<\/li>\n<\/ul>\n<p>processing is necessary to protect legitimate interests and there is no reason to believe that you have an overriding legitimate interest in not disclosing your information.<\/p>\n<h2>DELETION BZW. LOCKING OF DATA<\/h2>\n<p>We adhere to the principles of data avoidance and data economy. Therefore, we only store your personal data for as long as is necessary to achieve the purposes stated here or as provided for by the various storage periods provided for by law. After discontinuation of the respective purpose or expiration of these deadlines, the corresponding data are routinely and according to the legal regulations blocked or deleted.<\/p>\n<h2>COLLECTION OF GENERAL INFORMATION WHEN VISING OUR WEBSITE<\/h2>\n<p>When you access our website, a cookie automatically records information of a general nature. This information (server log files) contains about the type of web browser, the operating system used, the domain name of your Internet service provider and the like. This is only information that does not allow conclusions about your person.<\/p>\n<p>This information is technically necessary to correctly deliver the contents of web pages requested by you and is mandatory when using the internet. They are processed in particular for the following purposes:<\/p>\n<ul>\n<li>Ensuring a hassle-free connection of the website,<\/li>\n<li>Ensuring a smooth use of our website,<\/li>\n<li>Evaluation of system security and stability as well<\/li>\n<li>for further administrative purposes.<\/li>\n<\/ul>\n<p>The processing of your personal data is based on our legitimate interest for the purposes mentioned above for collecting data. We do not use your information to draw conclusions about you. The recipient of the data is only the responsible body and possibly the processor.<\/p>\n<p>Anonymous information of this kind may be statistically evaluated by us to optimize our website and the underlying technology.<\/p>\n<h2>SSL ENCRYPTION<\/h2>\n<p>To protect the security of your data during transmission, we use state-of-the-art encryption techniques (such as SSL) over HTTPS.<\/p>\n<h2>CONTACT FORM<\/h2>\n<p>If you have questions of any kind contact us by e-mail or contact form, give us your voluntary consent to contact us. This requires the specification of a valid e-mail address. This serves to assign the request and the subsequent answering of the same. The specification of further data is optional. The information you provide will be stored for the purpose of processing the request and for possible follow-up questions. After completing the request you will automatically delete personal data.<\/p>\n<h2>USING SCRIPT LIBRARIES (GOOGLE WEBFONTS)<\/h2>\n<p>In order to render our content correctly and visually appealing across browsers, we use script libraries and font libraries on this website. For example, Google Webfonts (https:\/\/www.google.com\/webfonts\/). Google web fonts are transferred to the cache of your browser to prevent multiple loading. If the browser does not support Google Web fonts or prohibits access, content will be displayed in a standard font.<\/p>\n<p>The call of script libraries or font libraries automatically triggers a connection to the operator of the library. It is theoretically possible &#8211; but currently also unclear whether and if so for what purposes &#8211; that operators of such libraries collect data.<\/p>\n<p>The privacy policy of the library operator Google can be found here: https:\/\/www.google.com\/policies\/privacy\/<\/p>\n<h2>EMBEDDED YOUTUBE VIDEOS<\/h2>\n<p>On some of our websites, we embed Youtube videos. The operator of the plug-ins is YouTube, LLC, 901 Cherry Ave., San Bruno, CA 94066, USA. When you visit a page with the YouTube plug-in, it will connect to Youtube&#8217;s servers. Youtube will be informed, which pages you visit. If you are logged into your Youtube account, Youtube can assign your surfing behavior to you personally. This can be prevented by logging out of your Youtube account beforehand.<\/p>\n<p>If a Youtube video is started, the provider uses cookies that collect information about user behavior.<\/p>\n<p>Anyone who has disabled the storage of cookies for the Google Ad program will not have to expect any such cookies even when watching YouTube videos. Youtube also stores non-personal usage information in other cookies. If you want to prevent this, you must block the storage of cookies in the browser.<\/p>\n<p>For more information on data protection at &#8220;Youtube&#8221;, see the provider&#8217;s privacy policy at: https:\/\/www.google.com\/intl\/en\/policies\/privacy\/<\/p>\n<h2>GOOGLE ADWORDS<\/h2>\n<p>Our website uses Google Conversion Tracking. If you have reached our website via an advertisement sent by Google, Google Adwords will set a cookie on your computer. The conversion tracking cookie is set when a user clicks on a Google-served ad. These cookies lose their validity after 30 days and are not used for personal identification. If the user visits certain pages on our website and the cookie has not expired, we and Google may recognize that the user clicked on the ad and was redirected to this page. Each Google AdWords customer receives a different cookie. Cookies can not be tracked through the websites of advertisers. The information gathered using the conversion cookie is used to generate conversion statistics for AdWords advertisers who have opted for conversion tracking. Customers are told the total number of users who clicked on their ad and were redirected to a conversion tracking tag page. However, they do not receive any information that personally identifies users.<\/p>\n<p>If you do not want to participate in the tracking, you can refuse the required setting of a cookie &#8211; for example, via a browser setting that generally deactivates the automatic setting of cookies or set your browser to block cookies from the domain &#8220;googleleadservices.com&#8221;.<\/p>\n<p>Please note that you are not allowed to delete opt-out cookies as long as you do not want to record measurement data. If you have deleted all your cookies in the browser, you must set the respective opt-out cookie again.<\/p>\n<h2>CHANGE OUR PRIVACY POLICY<\/h2>\n<p>We reserve the right to amend this privacy policy to always comply with the current legal requirements or to implement changes to our services in the privacy policy, e.g. when introducing new services. Your new visit will be subject to the new privacy policy.<\/p>\n<h2>QUESTIONS AT THE DATA PROTECTION OFFICER<\/h2>\n<p>If you have any questions about privacy, please email us or contact the person responsible for data protection in our organization:<\/p>\n<p>info@marcomiele.de<br \/>\n+49 7143 9097708<\/p>\n<p>The privacy policy has been created with the privacy statement generator of activeMind AG.<\/p>\n<\/div><\/section><\/div><\/div><\/div><\/div><!-- close content main div --><\/div><\/div><div id='after_section_2'  class='main_color av_default_container_wrap container_wrap sidebar_right'  ><div class='container av-section-cont-open' ><div class='template-page content  av-content-small alpha units'><div class='post-entry post-entry-type-page post-entry-3939'><div class='entry-content-wrapper clearfix'><\/p>\n","protected":false},"excerpt":{"rendered":"","protected":false},"author":1,"featured_media":0,"parent":0,"menu_order":0,"comment_status":"closed","ping_status":"closed","template":"","meta":{"footnotes":""},"class_list":["post-3939","page","type-page","status-publish","hentry"],"yoast_head":"<!-- This site is optimized with the Yoast SEO plugin v27.3 - https:\/\/yoast.com\/product\/yoast-seo-wordpress\/ -->\n<title>Legal notice - Marco Miele - Magische Momente<\/title>\n<meta name=\"description\" content=\"Marco Miele from Stuttgart. Mentalist, hypnotist and magician, he enchants all kind of public for all kinds of events.\" \/>\n<meta name=\"robots\" content=\"index, follow, max-snippet:-1, max-image-preview:large, max-video-preview:-1\" \/>\n<link rel=\"canonical\" href=\"https:\/\/marcomiele.de\/en\/imprint\/\" \/>\n<meta property=\"og:locale\" content=\"en_US\" \/>\n<meta property=\"og:type\" content=\"article\" \/>\n<meta property=\"og:title\" content=\"Legal notice - Marco Miele - Magische Momente\" \/>\n<meta property=\"og:description\" content=\"Marco Miele from Stuttgart. Mentalist, hypnotist and magician, he enchants all kind of public for all kinds of events.\" \/>\n<meta property=\"og:url\" content=\"https:\/\/marcomiele.de\/en\/imprint\/\" \/>\n<meta property=\"og:site_name\" content=\"Marco Miele - Magische Momente\" \/>\n<meta property=\"article:modified_time\" content=\"2025-10-30T14:47:02+00:00\" \/>\n<meta property=\"og:image\" content=\"https:\/\/marcomiele.de\/wp-content\/uploads\/2020\/04\/MarcoMiele-OG.jpg\" \/>\n\t<meta property=\"og:image:width\" content=\"1200\" \/>\n\t<meta property=\"og:image:height\" content=\"630\" \/>\n\t<meta property=\"og:image:type\" content=\"image\/jpeg\" \/>\n<meta name=\"twitter:card\" content=\"summary_large_image\" \/>\n<meta name=\"twitter:label1\" content=\"Est. reading time\" \/>\n\t<meta name=\"twitter:data1\" content=\"8 minutes\" \/>\n<script type=\"application\/ld+json\" class=\"yoast-schema-graph\">{\"@context\":\"https:\\\/\\\/schema.org\",\"@graph\":[{\"@type\":\"WebPage\",\"@id\":\"https:\\\/\\\/marcomiele.de\\\/en\\\/imprint\\\/\",\"url\":\"https:\\\/\\\/marcomiele.de\\\/en\\\/imprint\\\/\",\"name\":\"Legal notice - Marco Miele - Magische Momente\",\"isPartOf\":{\"@id\":\"https:\\\/\\\/marcomiele.de\\\/en\\\/#website\"},\"datePublished\":\"2019-08-28T18:05:46+00:00\",\"dateModified\":\"2025-10-30T14:47:02+00:00\",\"description\":\"Marco Miele from Stuttgart. Mentalist, hypnotist and magician, he enchants all kind of public for all kinds of events.\",\"breadcrumb\":{\"@id\":\"https:\\\/\\\/marcomiele.de\\\/en\\\/imprint\\\/#breadcrumb\"},\"inLanguage\":\"en-US\",\"potentialAction\":[{\"@type\":\"ReadAction\",\"target\":[\"https:\\\/\\\/marcomiele.de\\\/en\\\/imprint\\\/\"]}]},{\"@type\":\"BreadcrumbList\",\"@id\":\"https:\\\/\\\/marcomiele.de\\\/en\\\/imprint\\\/#breadcrumb\",\"itemListElement\":[{\"@type\":\"ListItem\",\"position\":1,\"name\":\"Startseite\",\"item\":\"https:\\\/\\\/marcomiele.de\\\/en\\\/\"},{\"@type\":\"ListItem\",\"position\":2,\"name\":\"Legal notice\"}]},{\"@type\":\"WebSite\",\"@id\":\"https:\\\/\\\/marcomiele.de\\\/en\\\/#website\",\"url\":\"https:\\\/\\\/marcomiele.de\\\/en\\\/\",\"name\":\"Marco Miele - Magische Momente\",\"description\":\"Als Magier und Mentalist ber\u00fchrt und erstaunt Marco Miele seine Zuschauer auf eine besondere, au\u00dfergew\u00f6hnliche, geheimnisvolle Weise.\",\"publisher\":{\"@id\":\"https:\\\/\\\/marcomiele.de\\\/en\\\/#\\\/schema\\\/person\\\/3078a1356065fc75734b8de8c883ed5f\"},\"potentialAction\":[{\"@type\":\"SearchAction\",\"target\":{\"@type\":\"EntryPoint\",\"urlTemplate\":\"https:\\\/\\\/marcomiele.de\\\/en\\\/?s={search_term_string}\"},\"query-input\":{\"@type\":\"PropertyValueSpecification\",\"valueRequired\":true,\"valueName\":\"search_term_string\"}}],\"inLanguage\":\"en-US\"},{\"@type\":[\"Person\",\"Organization\"],\"@id\":\"https:\\\/\\\/marcomiele.de\\\/en\\\/#\\\/schema\\\/person\\\/3078a1356065fc75734b8de8c883ed5f\",\"name\":\"Marco Miele\",\"logo\":{\"@id\":\"https:\\\/\\\/marcomiele.de\\\/en\\\/#\\\/schema\\\/person\\\/image\\\/\"}}]}<\/script>\n<!-- \/ Yoast SEO plugin. -->","yoast_head_json":{"title":"Legal notice - Marco Miele - Magische Momente","description":"Marco Miele from Stuttgart. Mentalist, hypnotist and magician, he enchants all kind of public for all kinds of events.","robots":{"index":"index","follow":"follow","max-snippet":"max-snippet:-1","max-image-preview":"max-image-preview:large","max-video-preview":"max-video-preview:-1"},"canonical":"https:\/\/marcomiele.de\/en\/imprint\/","og_locale":"en_US","og_type":"article","og_title":"Legal notice - Marco Miele - Magische Momente","og_description":"Marco Miele from Stuttgart. Mentalist, hypnotist and magician, he enchants all kind of public for all kinds of events.","og_url":"https:\/\/marcomiele.de\/en\/imprint\/","og_site_name":"Marco Miele - Magische Momente","article_modified_time":"2025-10-30T14:47:02+00:00","og_image":[{"width":1200,"height":630,"url":"https:\/\/marcomiele.de\/wp-content\/uploads\/2020\/04\/MarcoMiele-OG.jpg","type":"image\/jpeg"}],"twitter_card":"summary_large_image","twitter_misc":{"Est. reading time":"8 minutes"},"schema":{"@context":"https:\/\/schema.org","@graph":[{"@type":"WebPage","@id":"https:\/\/marcomiele.de\/en\/imprint\/","url":"https:\/\/marcomiele.de\/en\/imprint\/","name":"Legal notice - Marco Miele - Magische Momente","isPartOf":{"@id":"https:\/\/marcomiele.de\/en\/#website"},"datePublished":"2019-08-28T18:05:46+00:00","dateModified":"2025-10-30T14:47:02+00:00","description":"Marco Miele from Stuttgart. Mentalist, hypnotist and magician, he enchants all kind of public for all kinds of events.","breadcrumb":{"@id":"https:\/\/marcomiele.de\/en\/imprint\/#breadcrumb"},"inLanguage":"en-US","potentialAction":[{"@type":"ReadAction","target":["https:\/\/marcomiele.de\/en\/imprint\/"]}]},{"@type":"BreadcrumbList","@id":"https:\/\/marcomiele.de\/en\/imprint\/#breadcrumb","itemListElement":[{"@type":"ListItem","position":1,"name":"Startseite","item":"https:\/\/marcomiele.de\/en\/"},{"@type":"ListItem","position":2,"name":"Legal notice"}]},{"@type":"WebSite","@id":"https:\/\/marcomiele.de\/en\/#website","url":"https:\/\/marcomiele.de\/en\/","name":"Marco Miele - Magische Momente","description":"Als Magier und Mentalist ber\u00fchrt und erstaunt Marco Miele seine Zuschauer auf eine besondere, au\u00dfergew\u00f6hnliche, geheimnisvolle Weise.","publisher":{"@id":"https:\/\/marcomiele.de\/en\/#\/schema\/person\/3078a1356065fc75734b8de8c883ed5f"},"potentialAction":[{"@type":"SearchAction","target":{"@type":"EntryPoint","urlTemplate":"https:\/\/marcomiele.de\/en\/?s={search_term_string}"},"query-input":{"@type":"PropertyValueSpecification","valueRequired":true,"valueName":"search_term_string"}}],"inLanguage":"en-US"},{"@type":["Person","Organization"],"@id":"https:\/\/marcomiele.de\/en\/#\/schema\/person\/3078a1356065fc75734b8de8c883ed5f","name":"Marco Miele","logo":{"@id":"https:\/\/marcomiele.de\/en\/#\/schema\/person\/image\/"}}]}},"_links":{"self":[{"href":"https:\/\/marcomiele.de\/en\/wp-json\/wp\/v2\/pages\/3939","targetHints":{"allow":["GET"]}}],"collection":[{"href":"https:\/\/marcomiele.de\/en\/wp-json\/wp\/v2\/pages"}],"about":[{"href":"https:\/\/marcomiele.de\/en\/wp-json\/wp\/v2\/types\/page"}],"author":[{"embeddable":true,"href":"https:\/\/marcomiele.de\/en\/wp-json\/wp\/v2\/users\/1"}],"replies":[{"embeddable":true,"href":"https:\/\/marcomiele.de\/en\/wp-json\/wp\/v2\/comments?post=3939"}],"version-history":[{"count":0,"href":"https:\/\/marcomiele.de\/en\/wp-json\/wp\/v2\/pages\/3939\/revisions"}],"wp:attachment":[{"href":"https:\/\/marcomiele.de\/en\/wp-json\/wp\/v2\/media?parent=3939"}],"curies":[{"name":"wp","href":"https:\/\/api.w.org\/{rel}","templated":true}]}}