{"id":3844,"date":"2019-08-27T21:11:53","date_gmt":"2019-08-27T19:11:53","guid":{"rendered":"https:\/\/marcomiele.de\/for-your-event\/"},"modified":"2026-04-08T10:31:24","modified_gmt":"2026-04-08T08:31:24","slug":"magician-event","status":"publish","type":"page","link":"https:\/\/marcomiele.de\/en\/magician-event\/","title":{"rendered":"Your Event"},"content":{"rendered":"<\/p>\n\n<style type=\"text\/css\" data-created_by=\"avia_inline_auto\" id=\"style-css-av-gfu0us-b96b39a971d2b7187b3ae743f13d3f8a\">\n.avia-section.av-gfu0us-b96b39a971d2b7187b3ae743f13d3f8a .av-parallax .av-parallax-inner{\nbackground-repeat:no-repeat;\nbackground-image:url(https:\/\/marcomiele.de\/wp-content\/uploads\/2025\/02\/KV-Ihr-Event-pc-heller.jpg);\nbackground-position:100% 0%;\nbackground-attachment:scroll;\n}\n<\/style>\n<div id='deinevent'  class='avia-section av-gfu0us-b96b39a971d2b7187b3ae743f13d3f8a main_color avia-section-large avia-shadow  avia-builder-el-0  el_before_av_section  avia-builder-el-first  show-cssclass av-small-hide av-mini-hide av-parallax-section avia-bg-style-parallax av-minimum-height av-minimum-height-custom av-height-custom  container_wrap sidebar_right'  data-section-bg-repeat='no-repeat' data-av_minimum_height_px='600'><div class='av-parallax' data-avia-parallax-ratio='0.3' ><div class='av-parallax-inner main_color avia-full-stretch'><\/div><\/div><div class='container av-section-cont-open' style='height:600px'><main  role=\"main\" itemprop=\"mainContentOfPage\"  class='template-page content  av-content-small alpha units'><div class='post-entry post-entry-type-page post-entry-3844'><div class='entry-content-wrapper clearfix'>\n\n<style type=\"text\/css\" data-created_by=\"avia_inline_auto\" id=\"style-css-av-e2v1ec-5d556c18b1356a33c1ea8fd814612ccd\">\n.flex_column.av-e2v1ec-5d556c18b1356a33c1ea8fd814612ccd{\nborder-radius:0px 0px 0px 0px;\npadding:0px 0px 0px 0px;\n}\n<\/style>\n<div  class='flex_column av-e2v1ec-5d556c18b1356a33c1ea8fd814612ccd av_one_full  avia-builder-el-1  avia-builder-el-no-sibling  text-show first flex_column_div av-animated-generic left-to-right av-zero-column-padding  '     ><section  class='av_textblock_section av-k3q4fxzz-b7c79e56911f53dd52720985d0b63a2e '   itemscope=\"itemscope\" itemtype=\"https:\/\/schema.org\/CreativeWork\" ><div class='avia_textblock'  itemprop=\"text\" ><p class=\"mmtitle\">YOUR EVENT<\/p>\n<h3 class=\"mmsubtitle\">Showtime<\/h3>\n<\/div><\/section><\/div>\n\n<\/div><\/div><\/main><!-- close content main element --><\/div><\/div>\n<style type=\"text\/css\" data-created_by=\"avia_inline_auto\" id=\"style-css-av-knt2giyk-e65cc14c6fb8db61b7e53e1076e9fdd6\">\n.avia-section.av-knt2giyk-e65cc14c6fb8db61b7e53e1076e9fdd6{\nbackground-repeat:no-repeat;\nbackground-image:url(https:\/\/marcomiele.de\/wp-content\/uploads\/2025\/02\/KV-Ihr-Event-mobile-1.jpg);\nbackground-position:50% 100%;\nbackground-attachment:scroll;\n}\n<\/style>\n<div id='av_section_2'  class='avia-section av-knt2giyk-e65cc14c6fb8db61b7e53e1076e9fdd6 main_color avia-section-large avia-no-border-styling  avia-builder-el-3  el_after_av_section  el_before_av_section  av-desktop-hide av-medium-hide avia-bg-style-scroll av-minimum-height av-minimum-height-70 av-height-percent  container_wrap sidebar_right'  data-section-bg-repeat='no-repeat' data-av_minimum_height_pc='70' data-av_min_height_opt='percent'><div class='container av-section-cont-open' ><div class='template-page content  av-content-small alpha units'><div class='post-entry post-entry-type-page post-entry-3844'><div class='entry-content-wrapper clearfix'>\n\n<style type=\"text\/css\" data-created_by=\"avia_inline_auto\" id=\"style-css-av-3yftqc-16f5bf934d67e3442c75155b94a6813d\">\n#top .flex_column.av-3yftqc-16f5bf934d67e3442c75155b94a6813d{\nmargin-top:0px;\nmargin-bottom:200px;\n}\n.flex_column.av-3yftqc-16f5bf934d67e3442c75155b94a6813d{\nborder-radius:0px 0px 0px 0px;\npadding:0px 0px 0px 0px;\n}\n.responsive #top #wrap_all .flex_column.av-3yftqc-16f5bf934d67e3442c75155b94a6813d{\nmargin-top:0px;\nmargin-bottom:200px;\n}\n<\/style>\n<div  class='flex_column av-3yftqc-16f5bf934d67e3442c75155b94a6813d av_one_full  avia-builder-el-4  avia-builder-el-no-sibling  text-show first flex_column_div av-animated-generic top-to-bottom av-zero-column-padding  '     ><section  class='av_textblock_section av-320ces-7c642d2619cefdf1c9fa9f558d20347b '   itemscope=\"itemscope\" itemtype=\"https:\/\/schema.org\/CreativeWork\" ><div class='avia_textblock'  itemprop=\"text\" ><p class=\"mmtitle\" style=\"text-align: center;\">YOUR EVENT<\/p>\n<h3 class=\"mmsubtitle\" style=\"text-align: center;\">Showtime<\/h3>\n<\/div><\/section><\/div>\n\n<\/div><\/div><\/div><!-- close content main div --><\/div><\/div><div id='event'  class='avia-section av-ceh1ic-f09ac5e61987b49b605d7598bdd89226 main_color avia-section-small avia-no-border-styling  avia-builder-el-6  el_after_av_section  avia-builder-el-last  avia-bg-style-fixed container_wrap sidebar_right'  ><div class='container av-section-cont-open' ><div class='template-page content  av-content-small alpha units'><div class='post-entry post-entry-type-page post-entry-3844'><div class='entry-content-wrapper clearfix'>\n\n<style type=\"text\/css\" data-created_by=\"avia_inline_auto\" id=\"style-css-av-av_hr-6dff204695ba241211c9f155edf16b2d\">\n#top .hr.av-av_hr-6dff204695ba241211c9f155edf16b2d{\nmargin-top:0px;\nmargin-bottom:0px;\n}\n.hr.av-av_hr-6dff204695ba241211c9f155edf16b2d .hr-inner{\nwidth:50px;\n}\n<\/style>\n<div  class='hr av-av_hr-6dff204695ba241211c9f155edf16b2d hr-custom  avia-builder-el-7  el_before_av_textblock  avia-builder-el-first  av-small-hide av-mini-hide hr-center hr-icon-no'><span class='hr-inner inner-border-av-border-none'><span class=\"hr-inner-style\"><\/span><\/span><\/div>\n<section  class='av_textblock_section av-46xw90-32fab82be1ead54c1dddc34dc56d2534 '   itemscope=\"itemscope\" itemtype=\"https:\/\/schema.org\/CreativeWork\" ><div class='avia_textblock'  itemprop=\"text\" ><h1>Magical entertainment<\/h1>\n<\/div><\/section>\n\n<style type=\"text\/css\" data-created_by=\"avia_inline_auto\" id=\"style-css-av-12vh1w-53ac9d131e9a6996446db9efa5e1796d\">\n#top .flex_column.av-12vh1w-53ac9d131e9a6996446db9efa5e1796d{\nmargin-top:0px;\nmargin-bottom:0px;\n}\n.flex_column.av-12vh1w-53ac9d131e9a6996446db9efa5e1796d{\nborder-radius:0px 0px 0px 0px;\npadding:0px 0px 0px 0px;\n}\n.responsive #top #wrap_all .flex_column.av-12vh1w-53ac9d131e9a6996446db9efa5e1796d{\nmargin-top:0px;\nmargin-bottom:0px;\n}\n<\/style>\n<div  class='flex_column av-12vh1w-53ac9d131e9a6996446db9efa5e1796d av_one_half  avia-builder-el-9  el_after_av_textblock  el_before_av_one_half  first flex_column_div av-zero-column-padding  column-top-margin'     ><section  class='av_textblock_section av-k112n9we-1ed8107fa62b7d23585ddb0b773df0ac '   itemscope=\"itemscope\" itemtype=\"https:\/\/schema.org\/CreativeWork\" ><div class='avia_textblock'  itemprop=\"text\" ><p style=\"text-align: left;\">With the <a href=\"https:\/\/marcomiele.de\/en\/about\/mental-magic-stuttgart\/\">mentalist<\/a>, <a href=\"https:\/\/marcomiele.de\/en\/about\/hypnotist-stuttgart\/\">hypnotist<\/a> and <a href=\"https:\/\/marcomiele.de\/en\/about\/illusionist-stuttgart\/\">magician<\/a> Marco Miele, your event will become an unforgettable experience. The versatile magician will provide you with incredible moments of amazement, he will ensure stunning Wow-moments, and give you the best entertainment.<\/p>\n<p style=\"text-align: left;\">Marco Miele performs worldwide and he enthuses on a small and large scale; that\u2019s how he enchanted the VIP audience at the exclusive New Year\u2019s Eve event at the Hotel Adlon Kempinski in Berlin into the new decade.<\/p>\n<p style=\"text-align: left;\">Gladly the magician from Stuttgart is also available to amaze your guests at you private event \u2013 for any occasion \u2013 how and where you wish it.<\/p>\n<\/div><\/section><\/div>\n<style type=\"text\/css\" data-created_by=\"avia_inline_auto\" id=\"style-css-av-l82uuzno-3427ea06944612e95f6f0bba0f3de614\">\n#top .flex_column.av-l82uuzno-3427ea06944612e95f6f0bba0f3de614{\nmargin-top:0px;\nmargin-bottom:0px;\n}\n.flex_column.av-l82uuzno-3427ea06944612e95f6f0bba0f3de614{\nborder-radius:0px 0px 0px 0px;\npadding:0px 0px 0px 0px;\n}\n.responsive #top #wrap_all .flex_column.av-l82uuzno-3427ea06944612e95f6f0bba0f3de614{\nmargin-top:0px;\nmargin-bottom:0px;\n}\n<\/style>\n<div  class='flex_column av-l82uuzno-3427ea06944612e95f6f0bba0f3de614 av_one_half  avia-builder-el-11  el_after_av_one_half  el_before_av_one_full  flex_column_div av-zero-column-padding  column-top-margin'     ><p>\n<style type=\"text\/css\" data-created_by=\"avia_inline_auto\" id=\"style-css-av-av_hr-17971b15192ed1f7336e3c68f54046a1\">\n#top .hr.av-av_hr-17971b15192ed1f7336e3c68f54046a1{\nmargin-top:0px;\nmargin-bottom:0px;\n}\n.hr.av-av_hr-17971b15192ed1f7336e3c68f54046a1 .hr-inner{\nwidth:50px;\n}\n<\/style>\n<div  class='hr av-av_hr-17971b15192ed1f7336e3c68f54046a1 hr-custom  avia-builder-el-12  el_before_av_textblock  avia-builder-el-first  hr-center hr-icon-no'><span class='hr-inner inner-border-av-border-none'><span class=\"hr-inner-style\"><\/span><\/span><\/div><br \/>\n<section  class='av_textblock_section av-minag2f2-a19763a985bb41550238d432dfea8363 '   itemscope=\"itemscope\" itemtype=\"https:\/\/schema.org\/CreativeWork\" ><div class='avia_textblock av_inherit_color'  itemprop=\"text\" ><div class=\"lyte-wrapper\" title=\"Marco Miele | Business Trailer | Mercedes Benz Forum\" style=\"width:1280px;max-width:100%;margin:5px;\"><div class=\"lyMe hidef\" id=\"WYL_8Cf6YwEcsU0\" itemprop=\"video\" itemscope itemtype=\"https:\/\/schema.org\/VideoObject\"><div><meta itemprop=\"thumbnailUrl\" content=\"https:\/\/marcomiele.de\/wp-content\/plugins\/wp-youtube-lyte\/lyteCache.php?origThumbUrl=https%3A%2F%2Fi.ytimg.com%2Fvi%2F8Cf6YwEcsU0%2Fmaxresdefault.jpg\" \/><meta itemprop=\"embedURL\" content=\"https:\/\/www.youtube.com\/embed\/8Cf6YwEcsU0\" \/><meta itemprop=\"duration\" content=\"PT1M44S\" \/><meta itemprop=\"uploadDate\" content=\"2025-11-26T11:20:52Z\" \/><\/div><div id=\"lyte_8Cf6YwEcsU0\" data-src=\"https:\/\/marcomiele.de\/wp-content\/plugins\/wp-youtube-lyte\/lyteCache.php?origThumbUrl=https%3A%2F%2Fi.ytimg.com%2Fvi%2F8Cf6YwEcsU0%2Fmaxresdefault.jpg\" class=\"pL\"><div class=\"tC\"><div class=\"tT\" itemprop=\"name\">Marco Miele | Business Trailer | Mercedes Benz Forum<\/div><\/div><div class=\"play\"><\/div><div class=\"ctrl\"><div class=\"Lctrl\"><\/div><div class=\"Rctrl\"><\/div><\/div><\/div><noscript><a href=\"https:\/\/youtu.be\/8Cf6YwEcsU0\" rel=\"nofollow\"><img loading=\"lazy\" decoding=\"async\" src=\"https:\/\/marcomiele.de\/wp-content\/plugins\/wp-youtube-lyte\/lyteCache.php?origThumbUrl=https%3A%2F%2Fi.ytimg.com%2Fvi%2F8Cf6YwEcsU0%2F0.jpg\" alt=\"Marco Miele | Business Trailer | Mercedes Benz Forum\" width=\"1280\" height=\"700\" \/><br \/>Watch this video on YouTube<\/a><\/noscript><meta itemprop=\"description\" content=\"Unvergessliches Business-Event mit Marco Miele. Jetzt buchen! \u00dcberraschend anders, unvergesslich und au\u00dfergew\u00f6hnlich. https:\/\/marcomiele.de\/ https:\/\/marcomiele.at\/ https:\/\/marcomiele.ch\/ #zauberer #magicshow #business #events #zaubererf\u00fcrevents #closeup #zaubershow #zaubererstuttgart #illusionist #mentalist #hypnotiseur #magie #show #walkact #zauberk\u00fcnstler #zaubererm\u00fcnchen #zaubererfrankfurt #zaubererberlin #zaubererwien #zaubererz\u00fcrich #mago #illusionista #ipnosi #mentalist\"><\/div><\/div><div class=\"lL\" style=\"max-width:100%;width:1280px;margin:5px;\"><\/div>\n<\/div><\/section><br \/>\n\n<style type=\"text\/css\" data-created_by=\"avia_inline_auto\" id=\"style-css-av-l82uqa8p-ecab240297c38667077d65ba68e039ee\">\n#top .hr.av-l82uqa8p-ecab240297c38667077d65ba68e039ee{\nmargin-top:0px;\nmargin-bottom:0px;\n}\n.hr.av-l82uqa8p-ecab240297c38667077d65ba68e039ee .hr-inner{\nwidth:50px;\n}\n<\/style>\n<div  class='hr av-l82uqa8p-ecab240297c38667077d65ba68e039ee hr-custom  avia-builder-el-14  el_after_av_textblock  avia-builder-el-last  av-desktop-hide av-medium-hide hr-center hr-icon-no'><span class='hr-inner inner-border-av-border-none'><span class=\"hr-inner-style\"><\/span><\/span><\/div><\/p><\/div>\n<style type=\"text\/css\" data-created_by=\"avia_inline_auto\" id=\"style-css-av-l82uv4kv-ef24d0ab210e8801ef807de833ff355a\">\n#top .flex_column.av-l82uv4kv-ef24d0ab210e8801ef807de833ff355a{\nmargin-top:0px;\nmargin-bottom:0px;\n}\n.flex_column.av-l82uv4kv-ef24d0ab210e8801ef807de833ff355a{\nborder-radius:0px 0px 0px 0px;\npadding:0px 0px 0px 0px;\n}\n.responsive #top #wrap_all .flex_column.av-l82uv4kv-ef24d0ab210e8801ef807de833ff355a{\nmargin-top:0px;\nmargin-bottom:0px;\n}\n<\/style>\n<div  class='flex_column av-l82uv4kv-ef24d0ab210e8801ef807de833ff355a av_one_full  avia-builder-el-15  el_after_av_one_half  avia-builder-el-last  first flex_column_div av-zero-column-padding  column-top-margin'     ><section  class='av_textblock_section av-l63ochic-abf67ef3e225739d3301c7c76880c04a '   itemscope=\"itemscope\" itemtype=\"https:\/\/schema.org\/CreativeWork\" ><div class='avia_textblock'  itemprop=\"text\" ><h2 style=\"text-align: left;\">Your Event<\/h2>\n<\/div><\/section><br \/>\n<section  class='av_textblock_section av-av_textblock-23482006190359359522c957f3a311aa '   itemscope=\"itemscope\" itemtype=\"https:\/\/schema.org\/CreativeWork\" ><div class='avia_textblock'  itemprop=\"text\" ><p>The multi-award winning magician amazes in very different ways, and in different languages. You customers, business partners or friends will find themselves in the middle of a magic happening! You will experience mysterious moments of magic, wonder about the inexplicable power of mind reading, dive into the depth of hypnosis. Add a magic touch to your event, which all participants will remember forever!<\/p>\n<p>The charming magician from Stuttgart will tailor the performance to your need, taking into account all your wishes and combining the different elements of his versatile <a href=\"https:\/\/marcomiele.de\/en\/magical-repertoire\/\">repertoire<\/a>.<\/p>\n<p>Get ready for an artist who will give his audience many touching and fascinating moments in a charming, sensitive and funny way, which your guests will remember for a long time.<\/p>\n<\/div><\/section><br \/>\n<div  class='avia-button-wrap av-m8q38y5d-b7b86db5dfbb7872ad0974e3840a3b36-wrap avia-button-left  avia-builder-el-18  el_after_av_textblock  el_before_av_hr '><a href='https:\/\/marcomiele.de\/en\/contact\/'  class='avia-button av-m8q38y5d-b7b86db5dfbb7872ad0974e3840a3b36 av-link-btn avia-icon_select-yes-left-icon avia-size-x-large avia-position-left avia-color-theme-color-highlight'   aria-label=\"Make your request\"><span class='avia_button_icon avia_button_icon_left avia-iconfont avia-font-entypo-fontello' data-av_icon='\ue875' data-av_iconfont='entypo-fontello' ><\/span><span class='avia_iconbox_title' >Make your request<\/span><\/a><\/div><br \/>\n\n<style type=\"text\/css\" data-created_by=\"avia_inline_auto\" id=\"style-css-av-l63oc210-4d2100e91df1f2ef05e9427652741195\">\n#top .hr.av-l63oc210-4d2100e91df1f2ef05e9427652741195{\nmargin-top:0px;\nmargin-bottom:0px;\n}\n.hr.av-l63oc210-4d2100e91df1f2ef05e9427652741195 .hr-inner{\nwidth:50px;\n}\n<\/style>\n<div  class='hr av-l63oc210-4d2100e91df1f2ef05e9427652741195 hr-custom  avia-builder-el-19  el_after_av_button  avia-builder-el-last  hr-center hr-icon-no'><span class='hr-inner inner-border-av-border-none'><span class=\"hr-inner-style\"><\/span><\/span><\/div><\/p><\/div><\/div><\/div><\/div><!-- close content main div --><\/div><\/div><div id='after_section_3'  class='main_color av_default_container_wrap container_wrap sidebar_right'  ><div class='container av-section-cont-open' ><div class='template-page content  av-content-small alpha units'><div class='post-entry post-entry-type-page post-entry-3844'><div class='entry-content-wrapper clearfix'>\n","protected":false},"excerpt":{"rendered":"","protected":false},"author":1,"featured_media":0,"parent":0,"menu_order":0,"comment_status":"closed","ping_status":"closed","template":"","meta":{"footnotes":""},"class_list":["post-3844","page","type-page","status-publish","hentry"],"yoast_head":"<!-- This site is optimized with the Yoast SEO plugin v27.3 - https:\/\/yoast.com\/product\/yoast-seo-wordpress\/ -->\n<title>Magical entertainment according to your wishes | Your Event - Marco Miele - Magische Momente<\/title>\n<meta name=\"description\" content=\"Whether is a private family party, a company event, or a big city festival, Marco Miele is remembered for his stunning and exciting performance all over Europe.\" \/>\n<meta name=\"robots\" content=\"index, follow, max-snippet:-1, max-image-preview:large, max-video-preview:-1\" \/>\n<link rel=\"canonical\" href=\"https:\/\/marcomiele.de\/en\/magician-event\/\" \/>\n<meta property=\"og:locale\" content=\"en_US\" \/>\n<meta property=\"og:type\" content=\"article\" \/>\n<meta property=\"og:title\" content=\"Magical entertainment according to your wishes | Your Event - Marco Miele - Magische Momente\" \/>\n<meta property=\"og:description\" content=\"Whether is a private family party, a company event, or a big city festival, Marco Miele is remembered for his stunning and exciting performance all over Europe.\" \/>\n<meta property=\"og:url\" content=\"https:\/\/marcomiele.de\/en\/magician-event\/\" \/>\n<meta property=\"og:site_name\" content=\"Marco Miele - Magische Momente\" \/>\n<meta property=\"article:modified_time\" content=\"2026-04-08T08:31:24+00:00\" \/>\n<meta property=\"og:image\" content=\"https:\/\/marcomiele.de\/wp-content\/uploads\/2020\/04\/MarcoMiele-OG.jpg\" \/>\n\t<meta property=\"og:image:width\" content=\"1200\" \/>\n\t<meta property=\"og:image:height\" content=\"630\" \/>\n\t<meta property=\"og:image:type\" content=\"image\/jpeg\" \/>\n<meta name=\"twitter:card\" content=\"summary_large_image\" \/>\n<meta name=\"twitter:label1\" content=\"Est. reading time\" \/>\n\t<meta name=\"twitter:data1\" content=\"2 minutes\" \/>\n<script type=\"application\/ld+json\" class=\"yoast-schema-graph\">{\"@context\":\"https:\\\/\\\/schema.org\",\"@graph\":[{\"@type\":\"WebPage\",\"@id\":\"https:\\\/\\\/marcomiele.de\\\/en\\\/magician-event\\\/\",\"url\":\"https:\\\/\\\/marcomiele.de\\\/en\\\/magician-event\\\/\",\"name\":\"Magical entertainment according to your wishes | Your Event - Marco Miele - Magische Momente\",\"isPartOf\":{\"@id\":\"https:\\\/\\\/marcomiele.de\\\/en\\\/#website\"},\"datePublished\":\"2019-08-27T19:11:53+00:00\",\"dateModified\":\"2026-04-08T08:31:24+00:00\",\"description\":\"Whether is a private family party, a company event, or a big city festival, Marco Miele is remembered for his stunning and exciting performance all over Europe.\",\"breadcrumb\":{\"@id\":\"https:\\\/\\\/marcomiele.de\\\/en\\\/magician-event\\\/#breadcrumb\"},\"inLanguage\":\"en-US\",\"potentialAction\":[{\"@type\":\"ReadAction\",\"target\":[\"https:\\\/\\\/marcomiele.de\\\/en\\\/magician-event\\\/\"]}]},{\"@type\":\"BreadcrumbList\",\"@id\":\"https:\\\/\\\/marcomiele.de\\\/en\\\/magician-event\\\/#breadcrumb\",\"itemListElement\":[{\"@type\":\"ListItem\",\"position\":1,\"name\":\"Startseite\",\"item\":\"https:\\\/\\\/marcomiele.de\\\/en\\\/\"},{\"@type\":\"ListItem\",\"position\":2,\"name\":\"Your Event\"}]},{\"@type\":\"WebSite\",\"@id\":\"https:\\\/\\\/marcomiele.de\\\/en\\\/#website\",\"url\":\"https:\\\/\\\/marcomiele.de\\\/en\\\/\",\"name\":\"Marco Miele - Magische Momente\",\"description\":\"Als Magier und Mentalist ber\u00fchrt und erstaunt Marco Miele seine Zuschauer auf eine besondere, au\u00dfergew\u00f6hnliche, geheimnisvolle Weise.\",\"publisher\":{\"@id\":\"https:\\\/\\\/marcomiele.de\\\/en\\\/#\\\/schema\\\/person\\\/3078a1356065fc75734b8de8c883ed5f\"},\"potentialAction\":[{\"@type\":\"SearchAction\",\"target\":{\"@type\":\"EntryPoint\",\"urlTemplate\":\"https:\\\/\\\/marcomiele.de\\\/en\\\/?s={search_term_string}\"},\"query-input\":{\"@type\":\"PropertyValueSpecification\",\"valueRequired\":true,\"valueName\":\"search_term_string\"}}],\"inLanguage\":\"en-US\"},{\"@type\":[\"Person\",\"Organization\"],\"@id\":\"https:\\\/\\\/marcomiele.de\\\/en\\\/#\\\/schema\\\/person\\\/3078a1356065fc75734b8de8c883ed5f\",\"name\":\"Marco Miele\",\"logo\":{\"@id\":\"https:\\\/\\\/marcomiele.de\\\/en\\\/#\\\/schema\\\/person\\\/image\\\/\"}}]}<\/script>\n<!-- \/ Yoast SEO plugin. -->","yoast_head_json":{"title":"Magical entertainment according to your wishes | Your Event - Marco Miele - Magische Momente","description":"Whether is a private family party, a company event, or a big city festival, Marco Miele is remembered for his stunning and exciting performance all over Europe.","robots":{"index":"index","follow":"follow","max-snippet":"max-snippet:-1","max-image-preview":"max-image-preview:large","max-video-preview":"max-video-preview:-1"},"canonical":"https:\/\/marcomiele.de\/en\/magician-event\/","og_locale":"en_US","og_type":"article","og_title":"Magical entertainment according to your wishes | Your Event - Marco Miele - Magische Momente","og_description":"Whether is a private family party, a company event, or a big city festival, Marco Miele is remembered for his stunning and exciting performance all over Europe.","og_url":"https:\/\/marcomiele.de\/en\/magician-event\/","og_site_name":"Marco Miele - Magische Momente","article_modified_time":"2026-04-08T08:31:24+00:00","og_image":[{"width":1200,"height":630,"url":"https:\/\/marcomiele.de\/wp-content\/uploads\/2020\/04\/MarcoMiele-OG.jpg","type":"image\/jpeg"}],"twitter_card":"summary_large_image","twitter_misc":{"Est. reading time":"2 minutes"},"schema":{"@context":"https:\/\/schema.org","@graph":[{"@type":"WebPage","@id":"https:\/\/marcomiele.de\/en\/magician-event\/","url":"https:\/\/marcomiele.de\/en\/magician-event\/","name":"Magical entertainment according to your wishes | Your Event - Marco Miele - Magische Momente","isPartOf":{"@id":"https:\/\/marcomiele.de\/en\/#website"},"datePublished":"2019-08-27T19:11:53+00:00","dateModified":"2026-04-08T08:31:24+00:00","description":"Whether is a private family party, a company event, or a big city festival, Marco Miele is remembered for his stunning and exciting performance all over Europe.","breadcrumb":{"@id":"https:\/\/marcomiele.de\/en\/magician-event\/#breadcrumb"},"inLanguage":"en-US","potentialAction":[{"@type":"ReadAction","target":["https:\/\/marcomiele.de\/en\/magician-event\/"]}]},{"@type":"BreadcrumbList","@id":"https:\/\/marcomiele.de\/en\/magician-event\/#breadcrumb","itemListElement":[{"@type":"ListItem","position":1,"name":"Startseite","item":"https:\/\/marcomiele.de\/en\/"},{"@type":"ListItem","position":2,"name":"Your Event"}]},{"@type":"WebSite","@id":"https:\/\/marcomiele.de\/en\/#website","url":"https:\/\/marcomiele.de\/en\/","name":"Marco Miele - Magische Momente","description":"Als Magier und Mentalist ber\u00fchrt und erstaunt Marco Miele seine Zuschauer auf eine besondere, au\u00dfergew\u00f6hnliche, geheimnisvolle Weise.","publisher":{"@id":"https:\/\/marcomiele.de\/en\/#\/schema\/person\/3078a1356065fc75734b8de8c883ed5f"},"potentialAction":[{"@type":"SearchAction","target":{"@type":"EntryPoint","urlTemplate":"https:\/\/marcomiele.de\/en\/?s={search_term_string}"},"query-input":{"@type":"PropertyValueSpecification","valueRequired":true,"valueName":"search_term_string"}}],"inLanguage":"en-US"},{"@type":["Person","Organization"],"@id":"https:\/\/marcomiele.de\/en\/#\/schema\/person\/3078a1356065fc75734b8de8c883ed5f","name":"Marco Miele","logo":{"@id":"https:\/\/marcomiele.de\/en\/#\/schema\/person\/image\/"}}]}},"_links":{"self":[{"href":"https:\/\/marcomiele.de\/en\/wp-json\/wp\/v2\/pages\/3844","targetHints":{"allow":["GET"]}}],"collection":[{"href":"https:\/\/marcomiele.de\/en\/wp-json\/wp\/v2\/pages"}],"about":[{"href":"https:\/\/marcomiele.de\/en\/wp-json\/wp\/v2\/types\/page"}],"author":[{"embeddable":true,"href":"https:\/\/marcomiele.de\/en\/wp-json\/wp\/v2\/users\/1"}],"replies":[{"embeddable":true,"href":"https:\/\/marcomiele.de\/en\/wp-json\/wp\/v2\/comments?post=3844"}],"version-history":[{"count":4,"href":"https:\/\/marcomiele.de\/en\/wp-json\/wp\/v2\/pages\/3844\/revisions"}],"predecessor-version":[{"id":23184,"href":"https:\/\/marcomiele.de\/en\/wp-json\/wp\/v2\/pages\/3844\/revisions\/23184"}],"wp:attachment":[{"href":"https:\/\/marcomiele.de\/en\/wp-json\/wp\/v2\/media?parent=3844"}],"curies":[{"name":"wp","href":"https:\/\/api.w.org\/{rel}","templated":true}]}}