{"id":3842,"date":"2019-08-27T21:02:56","date_gmt":"2019-08-27T19:02:56","guid":{"rendered":"https:\/\/marcomiele.de\/the-magician-from-stuttgart\/"},"modified":"2025-03-26T16:50:03","modified_gmt":"2025-03-26T15:50:03","slug":"illusionist-stuttgart","status":"publish","type":"page","link":"https:\/\/marcomiele.de\/en\/about\/illusionist-stuttgart\/","title":{"rendered":"The Magician from Stuttgart"},"content":{"rendered":"\n<style type=\"text\/css\" data-created_by=\"avia_inline_auto\" id=\"style-css-av-bgk6w2-72db579878bde97c0f169a80526e5061\">\n.avia-section.av-bgk6w2-72db579878bde97c0f169a80526e5061 .av-parallax .av-parallax-inner{\nbackground-repeat:no-repeat;\nbackground-image:url(https:\/\/marcomiele.de\/wp-content\/uploads\/2024\/02\/DE-kv-der-magier.jpg);\nbackground-position:0% 0%;\nbackground-attachment:scroll;\n}\n<\/style>\n<div id='magier-pc'  class='avia-section av-bgk6w2-72db579878bde97c0f169a80526e5061 main_color avia-section-large avia-no-border-styling  avia-builder-el-0  el_before_av_section  avia-builder-el-first  av-small-hide av-mini-hide av-parallax-section avia-bg-style-parallax av-minimum-height av-minimum-height-custom av-height-custom  container_wrap sidebar_right'  data-section-bg-repeat='no-repeat' data-av_minimum_height_px='600'><div class='av-parallax' data-avia-parallax-ratio='0.3' ><div class='av-parallax-inner main_color avia-full-stretch'><\/div><\/div><div class='container av-section-cont-open' style='height:600px'><main  role=\"main\" itemprop=\"mainContentOfPage\"  class='template-page content  av-content-small alpha units'><div class='post-entry post-entry-type-page post-entry-3842'><div class='entry-content-wrapper clearfix'>\n\n<style type=\"text\/css\" data-created_by=\"avia_inline_auto\" id=\"style-css-av-8xrsuq-a39e5274b1bd82d8384e09960f03b298\">\n.flex_column.av-8xrsuq-a39e5274b1bd82d8384e09960f03b298{\nborder-radius:0px 0px 0px 0px;\npadding:0px 0px 0px 0px;\n}\n<\/style>\n<div  class='flex_column av-8xrsuq-a39e5274b1bd82d8384e09960f03b298 av_one_full  avia-builder-el-1  avia-builder-el-no-sibling  text-aboutme first flex_column_div av-animated-generic right-to-left av-zero-column-padding  '     ><section  class='av_textblock_section av-7oxfki-64913fff82e28d585b0fb2f2cbffcb11 '   itemscope=\"itemscope\" itemtype=\"https:\/\/schema.org\/CreativeWork\" ><div class='avia_textblock'  itemprop=\"text\" ><p class=\"mmtitle\" style=\"text-align: right;\">THE MAGICIAN<\/p>\n<h3 class=\"mmsubtitle\" style=\"text-align: right;\">Marco Miele<\/h3>\n<\/div><\/section><\/div><\/div><\/div><\/main><!-- close content main element --><\/div><\/div>\n<style type=\"text\/css\" data-created_by=\"avia_inline_auto\" id=\"style-css-av-l1cc7wrk-c49207c7d393ccf86d5ff92c1acf6e80\">\n.avia-section.av-l1cc7wrk-c49207c7d393ccf86d5ff92c1acf6e80{\nbackground-repeat:no-repeat;\nbackground-image:url(https:\/\/marcomiele.de\/wp-content\/uploads\/2024\/01\/kv-magier_MOBILE-1.jpg);\nbackground-position:50% 100%;\nbackground-attachment:scroll;\n}\n<\/style>\n<div id='av_section_2'  class='avia-section av-l1cc7wrk-c49207c7d393ccf86d5ff92c1acf6e80 main_color avia-section-large avia-no-border-styling  avia-builder-el-3  el_after_av_section  el_before_av_section  av-desktop-hide av-medium-hide avia-bg-style-scroll av-minimum-height av-minimum-height-70 av-height-percent  container_wrap sidebar_right'  data-section-bg-repeat='no-repeat' data-av_minimum_height_pc='70' data-av_min_height_opt='percent'><div class='container av-section-cont-open' ><div class='template-page content  av-content-small alpha units'><div class='post-entry post-entry-type-page post-entry-3842'><div class='entry-content-wrapper clearfix'>\n\n<style type=\"text\/css\" data-created_by=\"avia_inline_auto\" id=\"style-css-av-aqgc0i-6cf7f648284fdc3cd34d66b74882547c\">\n#top .flex_column.av-aqgc0i-6cf7f648284fdc3cd34d66b74882547c{\nmargin-top:0px;\nmargin-bottom:200px;\n}\n.flex_column.av-aqgc0i-6cf7f648284fdc3cd34d66b74882547c{\nborder-radius:0px 0px 0px 0px;\npadding:0px 0px 0px 0px;\n}\n.responsive #top #wrap_all .flex_column.av-aqgc0i-6cf7f648284fdc3cd34d66b74882547c{\nmargin-top:0px;\nmargin-bottom:200px;\n}\n<\/style>\n<div  class='flex_column av-aqgc0i-6cf7f648284fdc3cd34d66b74882547c av_one_full  avia-builder-el-4  avia-builder-el-no-sibling  text-aboutme first flex_column_div av-animated-generic top-to-bottom av-zero-column-padding  '     ><section  class='av_textblock_section av-l1cc82ek-7c49c7f281ec96791bfc04501b79cf26 '   itemscope=\"itemscope\" itemtype=\"https:\/\/schema.org\/CreativeWork\" ><div class='avia_textblock'  itemprop=\"text\" ><p class=\"mmtitle\" style=\"text-align: center;\">THE MAGICIAN<\/p>\n<h3 class=\"mmsubtitle\" style=\"text-align: center;\">Marco Miele<\/h3>\n<\/div><\/section><\/div><\/div><\/div><\/div><!-- close content main div --><\/div><\/div><div id='av_section_3'  class='avia-section av-l1cc92l0-378589553047b2c8f297327eed1cd904 main_color avia-section-small avia-no-border-styling  avia-builder-el-6  el_after_av_section  avia-builder-el-last  avia-bg-style-scroll container_wrap sidebar_right'  ><div class='container av-section-cont-open' ><div class='template-page content  av-content-small alpha units'><div class='post-entry post-entry-type-page post-entry-3842'><div class='entry-content-wrapper clearfix'>\n\n<style type=\"text\/css\" data-created_by=\"avia_inline_auto\" id=\"style-css-av-5niooi-cb347345d2640c2f7f59e620c1d13e06\">\n.flex_column.av-5niooi-cb347345d2640c2f7f59e620c1d13e06{\nborder-radius:0px 0px 0px 0px;\npadding:0px 0px 0px 0px;\n}\n<\/style>\n<div  class='flex_column av-5niooi-cb347345d2640c2f7f59e620c1d13e06 av_one_full  avia-builder-el-7  avia-builder-el-no-sibling  first flex_column_div av-zero-column-padding  '     ><p>\n<style type=\"text\/css\" data-created_by=\"avia_inline_auto\" id=\"style-css-av-av_hr-6dff204695ba241211c9f155edf16b2d\">\n#top .hr.av-av_hr-6dff204695ba241211c9f155edf16b2d{\nmargin-top:0px;\nmargin-bottom:0px;\n}\n.hr.av-av_hr-6dff204695ba241211c9f155edf16b2d .hr-inner{\nwidth:50px;\n}\n<\/style>\n<div  class='hr av-av_hr-6dff204695ba241211c9f155edf16b2d hr-custom  avia-builder-el-8  el_before_av_textblock  avia-builder-el-first  av-small-hide av-mini-hide hr-center hr-icon-no'><span class='hr-inner inner-border-av-border-none'><span class=\"hr-inner-style\"><\/span><\/span><\/div><br \/>\n<section  class='av_textblock_section av-k0y8r6a2-c72d793a457cab049ec2c38d19d8b3aa '   itemscope=\"itemscope\" itemtype=\"https:\/\/schema.org\/CreativeWork\" ><div class='avia_textblock'  itemprop=\"text\" ><h1>The Magician from Stuttgart<\/h1>\n<p>Magic &#8211; mysterious, fascinating, inexplicable&#8230;<\/p>\n<p>&#8230;and as diverse as people. Because magic always happens when we see it and allow it to happen.<\/p>\n<p>The passionate magician <a href=\"https:\/\/marcomiele.de\/en\/about\/\">Marco Miele<\/a> is convinced of this.<\/p>\n<p>He masters the wide <a href=\"https:\/\/marcomiele.de\/en\/magical-repertoire\/\">repertoire<\/a> of classical magic, suitable for every occasion and every setting; from amazing table magic to exciting shows, from <a href=\"https:\/\/marcomiele.de\/en\/magician-event\/corporate-business\/\">corporate events<\/a> to <a href=\"https:\/\/marcomiele.de\/en\/magician-event\/wedding\/\">wedding<\/a> or <a href=\"https:\/\/marcomiele.de\/en\/magician-event\/birthday-party\/\">birthday parties<\/a>&#8230; the charming magician from Stuttgart knows how to enrich your event in a unique way!<\/p>\n<p>With his fascinating abilities, Marco Miele skilfully creates wonderful moments.<\/p>\n<p>For he is not only a master of his craft as a magician, he also succeeds in touching people&#8217;s hearts and giving them something that is all too often missing in life: magic.<\/p>\n<p>When emotions create a sense of community, when the audience erupts in spontaneous enthusiasm and when the guests are still raving weeks later, then there is indeed something miraculous at play &#8211; the magic of life.<\/p>\n<p>The magician from Stuttgart Marco Miele will turn your event into an unforgettable experience for everyone!<\/p>\n<blockquote>\n<p>The residents and employees of my nursing home, where I work, were able to experience that there are also people who &#8220;just like that&#8221; visit a nursing home and gift people with beautiful moments. Apart of his show and his work, Marco is simply a great person who keeps the dignity of himself and his fellow men. Such people are simply touching. &#8211; Anna Frank, House Miriam<\/p>\n<\/blockquote>\n<\/div><\/section><br \/>\n<div  class='avia-button-wrap av-k112cpg3-085ea824f9ed80455f6be13c73840a2b-wrap avia-button-left  avia-builder-el-10  el_after_av_textblock  el_before_av_hr '><a href='https:\/\/marcomiele.de\/en\/contact\/'  class='avia-button av-k112cpg3-085ea824f9ed80455f6be13c73840a2b av-link-btn avia-icon_select-yes-left-icon avia-size-x-large avia-position-left avia-color-theme-color-highlight'   aria-label=\"Make your request\"><span class='avia_button_icon avia_button_icon_left avia-iconfont avia-font-entypo-fontello' data-av_icon='\ue875' data-av_iconfont='entypo-fontello' ><\/span><span class='avia_iconbox_title' >Make your request<\/span><\/a><\/div><br \/>\n\n<style type=\"text\/css\" data-created_by=\"avia_inline_auto\" id=\"style-css-av-k7p3iey4-5bff05ce3566df45025eae37f87fae14\">\n#top .hr.av-k7p3iey4-5bff05ce3566df45025eae37f87fae14{\nmargin-top:0px;\nmargin-bottom:0px;\n}\n.hr.av-k7p3iey4-5bff05ce3566df45025eae37f87fae14 .hr-inner{\nwidth:50px;\n}\n<\/style>\n<div  class='hr av-k7p3iey4-5bff05ce3566df45025eae37f87fae14 hr-custom  avia-builder-el-11  el_after_av_button  el_before_av_masonry_gallery  avia-builder-el-last  hr-center hr-icon-no'><span class='hr-inner inner-border-av-border-none'><span class=\"hr-inner-style\"><\/span><\/span><\/div><br \/>\n<div id='av-masonry-1' class='av-masonry av-83nqq-e807b9948e950cffd10b2d313041475a noHover av-fixed-size av-large-gap av-hover-overlay- av-masonry-animation-active av-masonry-col-3 av-caption-always av-caption-style- av-masonry-gallery ' data-post_id=\"3842\"><div class=\"av-masonry-container isotope av-js-disabled\"><div class='av-masonry-entry isotope-item av-masonry-item-no-image '><\/div><a href=\"https:\/\/marcomiele.de\/wp-content\/uploads\/2020\/11\/Marco-Miele-ZAuberer-Illusionist-Hypnotist-Magic-2-802x1030.jpg\" data-srcset=\"https:\/\/marcomiele.de\/wp-content\/uploads\/2020\/11\/Marco-Miele-ZAuberer-Illusionist-Hypnotist-Magic-2-802x1030.jpg 802w, https:\/\/marcomiele.de\/wp-content\/uploads\/2020\/11\/Marco-Miele-ZAuberer-Illusionist-Hypnotist-Magic-2-234x300.jpg 234w, https:\/\/marcomiele.de\/wp-content\/uploads\/2020\/11\/Marco-Miele-ZAuberer-Illusionist-Hypnotist-Magic-2-768x986.jpg 768w, https:\/\/marcomiele.de\/wp-content\/uploads\/2020\/11\/Marco-Miele-ZAuberer-Illusionist-Hypnotist-Magic-2-1196x1536.jpg 1196w, https:\/\/marcomiele.de\/wp-content\/uploads\/2020\/11\/Marco-Miele-ZAuberer-Illusionist-Hypnotist-Magic-2-1168x1500.jpg 1168w, https:\/\/marcomiele.de\/wp-content\/uploads\/2020\/11\/Marco-Miele-ZAuberer-Illusionist-Hypnotist-Magic-2-549x705.jpg 549w, https:\/\/marcomiele.de\/wp-content\/uploads\/2020\/11\/Marco-Miele-ZAuberer-Illusionist-Hypnotist-Magic-2.jpg 1495w\" data-sizes=\"(max-width: 802px) 100vw, 802px\"  aria-label=\"image Unforgettable magic shows for any occasion\"  id='av-masonry-1-item-8149' data-av-masonry-item='8149' class='av-masonry-entry isotope-item post-8149 attachment type-attachment status-inherit hentry  av-masonry-item-with-image' title=\"Unforgettable magic shows for any occasion\" alt=\"A unique magic touch for trade shows and corporate events in Stuttgart with Marco Miele\"    itemprop=\"thumbnailUrl\" ><div class='av-inner-masonry-sizer'><\/div><figure class='av-inner-masonry main_color'><div class=\"av-masonry-outerimage-container\"><div class='av-masonry-image-container' style=\"background-image: url(https:\/\/marcomiele.de\/wp-content\/uploads\/2020\/11\/Marco-Miele-ZAuberer-Illusionist-Hypnotist-Magic-2-549x705.jpg);\"  title=\"Unforgettable magic shows for any occasion\" ><\/div><\/div><\/figure><\/a><!--end av-masonry entry--><a href=\"https:\/\/marcomiele.de\/wp-content\/uploads\/2020\/11\/Marco-Miele-Corporate-Event-Zauberer.png\" data-srcset=\"https:\/\/marcomiele.de\/wp-content\/uploads\/2020\/11\/Marco-Miele-Corporate-Event-Zauberer.png 978w, https:\/\/marcomiele.de\/wp-content\/uploads\/2020\/11\/Marco-Miele-Corporate-Event-Zauberer-300x177.png 300w, https:\/\/marcomiele.de\/wp-content\/uploads\/2020\/11\/Marco-Miele-Corporate-Event-Zauberer-768x452.png 768w, https:\/\/marcomiele.de\/wp-content\/uploads\/2020\/11\/Marco-Miele-Corporate-Event-Zauberer-705x415.png 705w\" data-sizes=\"(max-width: 978px) 100vw, 978px\"  aria-label=\"image Unique parties and celebrations with Marco Miele\"  id='av-masonry-1-item-8142' data-av-masonry-item='8142' class='av-masonry-entry isotope-item post-8142 attachment type-attachment status-inherit hentry  av-masonry-item-with-image' title=\"Unique parties and celebrations with Marco Miele\" alt=\"Magic and illusion for your next birthday party with Marco Miele from Stuttgart\"    itemprop=\"thumbnailUrl\" ><div class='av-inner-masonry-sizer'><\/div><figure class='av-inner-masonry main_color'><div class=\"av-masonry-outerimage-container\"><div class='av-masonry-image-container' style=\"background-image: url(https:\/\/marcomiele.de\/wp-content\/uploads\/2020\/11\/Marco-Miele-Corporate-Event-Zauberer-705x415.png);\"  title=\"Unique parties and celebrations with Marco Miele\" ><\/div><\/div><\/figure><\/a><!--end av-masonry entry--><a href=\"https:\/\/marcomiele.de\/wp-content\/uploads\/2020\/11\/Marco-Miele-Magier-Zauber-Trick-2-1013x1030.jpg\" data-srcset=\"https:\/\/marcomiele.de\/wp-content\/uploads\/2020\/11\/Marco-Miele-Magier-Zauber-Trick-2-1013x1030.jpg 1013w, https:\/\/marcomiele.de\/wp-content\/uploads\/2020\/11\/Marco-Miele-Magier-Zauber-Trick-2-295x300.jpg 295w, https:\/\/marcomiele.de\/wp-content\/uploads\/2020\/11\/Marco-Miele-Magier-Zauber-Trick-2-80x80.jpg 80w, https:\/\/marcomiele.de\/wp-content\/uploads\/2020\/11\/Marco-Miele-Magier-Zauber-Trick-2-768x781.jpg 768w, https:\/\/marcomiele.de\/wp-content\/uploads\/2020\/11\/Marco-Miele-Magier-Zauber-Trick-2-1510x1536.jpg 1510w, https:\/\/marcomiele.de\/wp-content\/uploads\/2020\/11\/Marco-Miele-Magier-Zauber-Trick-2-36x36.jpg 36w, https:\/\/marcomiele.de\/wp-content\/uploads\/2020\/11\/Marco-Miele-Magier-Zauber-Trick-2-1475x1500.jpg 1475w, https:\/\/marcomiele.de\/wp-content\/uploads\/2020\/11\/Marco-Miele-Magier-Zauber-Trick-2-693x705.jpg 693w, https:\/\/marcomiele.de\/wp-content\/uploads\/2020\/11\/Marco-Miele-Magier-Zauber-Trick-2.jpg 1888w\" data-sizes=\"(max-width: 1013px) 100vw, 1013px\"  aria-label=\"image Magician and illusionist of highest level\"  id='av-masonry-1-item-8145' data-av-masonry-item='8145' class='av-masonry-entry isotope-item post-8145 attachment type-attachment status-inherit hentry  av-masonry-item-with-image' title=\"Magician and illusionist of highest level\" alt=\"Incredible magic tricks with Marco Miele for your Christmas party in Munich\"    itemprop=\"thumbnailUrl\" ><div class='av-inner-masonry-sizer'><\/div><figure class='av-inner-masonry main_color'><div class=\"av-masonry-outerimage-container\"><div class='av-masonry-image-container' style=\"background-image: url(https:\/\/marcomiele.de\/wp-content\/uploads\/2020\/11\/Marco-Miele-Magier-Zauber-Trick-2-693x705.jpg);\"  title=\"Magician and illusionist of highest level\" ><\/div><\/div><\/figure><\/a><!--end av-masonry entry--><\/div><\/div><\/p><\/div><\/div><\/div><\/div><!-- close content main div --><\/div><\/div><div id='after_section_3'  class='main_color av_default_container_wrap container_wrap sidebar_right'  ><div class='container av-section-cont-open' ><div class='template-page content  av-content-small alpha units'><div class='post-entry post-entry-type-page post-entry-3842'><div class='entry-content-wrapper clearfix'><\/p>\n","protected":false},"excerpt":{"rendered":"","protected":false},"author":3,"featured_media":0,"parent":3830,"menu_order":0,"comment_status":"closed","ping_status":"closed","template":"","meta":{"footnotes":""},"class_list":["post-3842","page","type-page","status-publish","hentry"],"yoast_head":"<!-- This site is optimized with the Yoast SEO plugin v27.3 - https:\/\/yoast.com\/product\/yoast-seo-wordpress\/ -->\n<title>The Magician from Stuttgart - Marco Miele - Magische Momente<\/title>\n<meta name=\"robots\" content=\"index, follow, max-snippet:-1, max-image-preview:large, max-video-preview:-1\" \/>\n<link rel=\"canonical\" href=\"https:\/\/marcomiele.de\/en\/about\/illusionist-stuttgart\/\" \/>\n<meta property=\"og:locale\" content=\"en_US\" \/>\n<meta property=\"og:type\" content=\"article\" \/>\n<meta property=\"og:title\" content=\"The Magician from Stuttgart - Marco Miele - Magische Momente\" \/>\n<meta property=\"og:url\" content=\"https:\/\/marcomiele.de\/en\/about\/illusionist-stuttgart\/\" \/>\n<meta property=\"og:site_name\" content=\"Marco Miele - Magische Momente\" \/>\n<meta property=\"article:modified_time\" content=\"2025-03-26T15:50:03+00:00\" \/>\n<meta property=\"og:image\" content=\"https:\/\/marcomiele.de\/wp-content\/uploads\/2020\/04\/MarcoMiele-OG.jpg\" \/>\n\t<meta property=\"og:image:width\" content=\"1200\" \/>\n\t<meta property=\"og:image:height\" content=\"630\" \/>\n\t<meta property=\"og:image:type\" content=\"image\/jpeg\" \/>\n<meta name=\"twitter:card\" content=\"summary_large_image\" \/>\n<meta name=\"twitter:label1\" content=\"Est. reading time\" \/>\n\t<meta name=\"twitter:data1\" content=\"1 minute\" \/>\n<script type=\"application\/ld+json\" class=\"yoast-schema-graph\">{\"@context\":\"https:\\\/\\\/schema.org\",\"@graph\":[{\"@type\":\"WebPage\",\"@id\":\"https:\\\/\\\/marcomiele.de\\\/en\\\/about\\\/illusionist-stuttgart\\\/\",\"url\":\"https:\\\/\\\/marcomiele.de\\\/en\\\/about\\\/illusionist-stuttgart\\\/\",\"name\":\"The Magician from Stuttgart - Marco Miele - Magische Momente\",\"isPartOf\":{\"@id\":\"https:\\\/\\\/marcomiele.de\\\/en\\\/#website\"},\"datePublished\":\"2019-08-27T19:02:56+00:00\",\"dateModified\":\"2025-03-26T15:50:03+00:00\",\"breadcrumb\":{\"@id\":\"https:\\\/\\\/marcomiele.de\\\/en\\\/about\\\/illusionist-stuttgart\\\/#breadcrumb\"},\"inLanguage\":\"en-US\",\"potentialAction\":[{\"@type\":\"ReadAction\",\"target\":[\"https:\\\/\\\/marcomiele.de\\\/en\\\/about\\\/illusionist-stuttgart\\\/\"]}]},{\"@type\":\"BreadcrumbList\",\"@id\":\"https:\\\/\\\/marcomiele.de\\\/en\\\/about\\\/illusionist-stuttgart\\\/#breadcrumb\",\"itemListElement\":[{\"@type\":\"ListItem\",\"position\":1,\"name\":\"Startseite\",\"item\":\"https:\\\/\\\/marcomiele.de\\\/en\\\/\"},{\"@type\":\"ListItem\",\"position\":2,\"name\":\"The Person\",\"item\":\"https:\\\/\\\/marcomiele.de\\\/en\\\/about\\\/\"},{\"@type\":\"ListItem\",\"position\":3,\"name\":\"The Magician from Stuttgart\"}]},{\"@type\":\"WebSite\",\"@id\":\"https:\\\/\\\/marcomiele.de\\\/en\\\/#website\",\"url\":\"https:\\\/\\\/marcomiele.de\\\/en\\\/\",\"name\":\"Marco Miele - Magische Momente\",\"description\":\"Als Magier und Mentalist ber\u00fchrt und erstaunt Marco Miele seine Zuschauer auf eine besondere, au\u00dfergew\u00f6hnliche, geheimnisvolle Weise.\",\"publisher\":{\"@id\":\"https:\\\/\\\/marcomiele.de\\\/en\\\/#\\\/schema\\\/person\\\/3078a1356065fc75734b8de8c883ed5f\"},\"potentialAction\":[{\"@type\":\"SearchAction\",\"target\":{\"@type\":\"EntryPoint\",\"urlTemplate\":\"https:\\\/\\\/marcomiele.de\\\/en\\\/?s={search_term_string}\"},\"query-input\":{\"@type\":\"PropertyValueSpecification\",\"valueRequired\":true,\"valueName\":\"search_term_string\"}}],\"inLanguage\":\"en-US\"},{\"@type\":[\"Person\",\"Organization\"],\"@id\":\"https:\\\/\\\/marcomiele.de\\\/en\\\/#\\\/schema\\\/person\\\/3078a1356065fc75734b8de8c883ed5f\",\"name\":\"Marco Miele\",\"logo\":{\"@id\":\"https:\\\/\\\/marcomiele.de\\\/en\\\/#\\\/schema\\\/person\\\/image\\\/\"}}]}<\/script>\n<!-- \/ Yoast SEO plugin. -->","yoast_head_json":{"title":"The Magician from Stuttgart - Marco Miele - Magische Momente","robots":{"index":"index","follow":"follow","max-snippet":"max-snippet:-1","max-image-preview":"max-image-preview:large","max-video-preview":"max-video-preview:-1"},"canonical":"https:\/\/marcomiele.de\/en\/about\/illusionist-stuttgart\/","og_locale":"en_US","og_type":"article","og_title":"The Magician from Stuttgart - Marco Miele - Magische Momente","og_url":"https:\/\/marcomiele.de\/en\/about\/illusionist-stuttgart\/","og_site_name":"Marco Miele - Magische Momente","article_modified_time":"2025-03-26T15:50:03+00:00","og_image":[{"width":1200,"height":630,"url":"https:\/\/marcomiele.de\/wp-content\/uploads\/2020\/04\/MarcoMiele-OG.jpg","type":"image\/jpeg"}],"twitter_card":"summary_large_image","twitter_misc":{"Est. reading time":"1 minute"},"schema":{"@context":"https:\/\/schema.org","@graph":[{"@type":"WebPage","@id":"https:\/\/marcomiele.de\/en\/about\/illusionist-stuttgart\/","url":"https:\/\/marcomiele.de\/en\/about\/illusionist-stuttgart\/","name":"The Magician from Stuttgart - Marco Miele - Magische Momente","isPartOf":{"@id":"https:\/\/marcomiele.de\/en\/#website"},"datePublished":"2019-08-27T19:02:56+00:00","dateModified":"2025-03-26T15:50:03+00:00","breadcrumb":{"@id":"https:\/\/marcomiele.de\/en\/about\/illusionist-stuttgart\/#breadcrumb"},"inLanguage":"en-US","potentialAction":[{"@type":"ReadAction","target":["https:\/\/marcomiele.de\/en\/about\/illusionist-stuttgart\/"]}]},{"@type":"BreadcrumbList","@id":"https:\/\/marcomiele.de\/en\/about\/illusionist-stuttgart\/#breadcrumb","itemListElement":[{"@type":"ListItem","position":1,"name":"Startseite","item":"https:\/\/marcomiele.de\/en\/"},{"@type":"ListItem","position":2,"name":"The Person","item":"https:\/\/marcomiele.de\/en\/about\/"},{"@type":"ListItem","position":3,"name":"The Magician from Stuttgart"}]},{"@type":"WebSite","@id":"https:\/\/marcomiele.de\/en\/#website","url":"https:\/\/marcomiele.de\/en\/","name":"Marco Miele - Magische Momente","description":"Als Magier und Mentalist ber\u00fchrt und erstaunt Marco Miele seine Zuschauer auf eine besondere, au\u00dfergew\u00f6hnliche, geheimnisvolle Weise.","publisher":{"@id":"https:\/\/marcomiele.de\/en\/#\/schema\/person\/3078a1356065fc75734b8de8c883ed5f"},"potentialAction":[{"@type":"SearchAction","target":{"@type":"EntryPoint","urlTemplate":"https:\/\/marcomiele.de\/en\/?s={search_term_string}"},"query-input":{"@type":"PropertyValueSpecification","valueRequired":true,"valueName":"search_term_string"}}],"inLanguage":"en-US"},{"@type":["Person","Organization"],"@id":"https:\/\/marcomiele.de\/en\/#\/schema\/person\/3078a1356065fc75734b8de8c883ed5f","name":"Marco Miele","logo":{"@id":"https:\/\/marcomiele.de\/en\/#\/schema\/person\/image\/"}}]}},"_links":{"self":[{"href":"https:\/\/marcomiele.de\/en\/wp-json\/wp\/v2\/pages\/3842","targetHints":{"allow":["GET"]}}],"collection":[{"href":"https:\/\/marcomiele.de\/en\/wp-json\/wp\/v2\/pages"}],"about":[{"href":"https:\/\/marcomiele.de\/en\/wp-json\/wp\/v2\/types\/page"}],"author":[{"embeddable":true,"href":"https:\/\/marcomiele.de\/en\/wp-json\/wp\/v2\/users\/3"}],"replies":[{"embeddable":true,"href":"https:\/\/marcomiele.de\/en\/wp-json\/wp\/v2\/comments?post=3842"}],"version-history":[{"count":0,"href":"https:\/\/marcomiele.de\/en\/wp-json\/wp\/v2\/pages\/3842\/revisions"}],"up":[{"embeddable":true,"href":"https:\/\/marcomiele.de\/en\/wp-json\/wp\/v2\/pages\/3830"}],"wp:attachment":[{"href":"https:\/\/marcomiele.de\/en\/wp-json\/wp\/v2\/media?parent=3842"}],"curies":[{"name":"wp","href":"https:\/\/api.w.org\/{rel}","templated":true}]}}