{"id":3840,"date":"2019-08-27T20:59:01","date_gmt":"2019-08-27T18:59:01","guid":{"rendered":"https:\/\/marcomiele.de\/the-hypnotist-from-stuttgart\/"},"modified":"2025-03-26T16:48:53","modified_gmt":"2025-03-26T15:48:53","slug":"hypnotist-stuttgart","status":"publish","type":"page","link":"https:\/\/marcomiele.de\/en\/about\/hypnotist-stuttgart\/","title":{"rendered":"The Hypnotist from Stuttgart"},"content":{"rendered":"\n<style type=\"text\/css\" data-created_by=\"avia_inline_auto\" id=\"style-css-av-9js734-a112923c9d2ff792e572b350d889845a\">\n.avia-section.av-9js734-a112923c9d2ff792e572b350d889845a .av-parallax .av-parallax-inner{\nbackground-repeat:no-repeat;\nbackground-image:url(https:\/\/marcomiele.de\/wp-content\/uploads\/2024\/02\/NEW_kv-hypnotiseur-pc.jpg);\nbackground-position:0% 0%;\nbackground-attachment:scroll;\n}\n<\/style>\n<div id='av_section_1'  class='avia-section av-9js734-a112923c9d2ff792e572b350d889845a main_color avia-section-large avia-no-border-styling  avia-builder-el-0  el_before_av_section  avia-builder-el-first  av-small-hide av-mini-hide av-parallax-section avia-bg-style-parallax av-minimum-height av-minimum-height-custom av-height-custom  container_wrap sidebar_right'  data-section-bg-repeat='no-repeat' data-av_minimum_height_px='600'><div class='av-parallax' data-avia-parallax-ratio='0.3' ><div class='av-parallax-inner main_color avia-full-stretch'><\/div><\/div><div class='container av-section-cont-open' style='height:600px'><main  role=\"main\" itemprop=\"mainContentOfPage\"  class='template-page content  av-content-small alpha units'><div class='post-entry post-entry-type-page post-entry-3840'><div class='entry-content-wrapper clearfix'>\n\n<style type=\"text\/css\" data-created_by=\"avia_inline_auto\" id=\"style-css-av-tqomo-a790c0cbcc3b3e29ff45cb709d4e5dc4\">\n.flex_column.av-tqomo-a790c0cbcc3b3e29ff45cb709d4e5dc4{\nborder-radius:0px 0px 0px 0px;\npadding:0px 0px 0px 0px;\n}\n<\/style>\n<div  class='flex_column av-tqomo-a790c0cbcc3b3e29ff45cb709d4e5dc4 av_one_full  avia-builder-el-1  avia-builder-el-no-sibling  text-aboutme first flex_column_div av-animated-generic right-to-left av-zero-column-padding  '     ><section  class='av_textblock_section av-678cio-e51456328bf93552de44e3ad332f9f2c '   itemscope=\"itemscope\" itemtype=\"https:\/\/schema.org\/CreativeWork\" ><div class='avia_textblock'  itemprop=\"text\" ><p class=\"mmtitle\" style=\"text-align: right;\">THE HYPNOTIST<\/p>\n<h3 class=\"mmsubtitle\" style=\"text-align: right;\">Marco Miele<\/h3>\n<\/div><\/section><\/div><\/div><\/div><\/main><!-- close content main element --><\/div><\/div>\n<style type=\"text\/css\" data-created_by=\"avia_inline_auto\" id=\"style-css-av-l1cbxrdz-d7babe589f5b59179a6077f8ccd10cfe\">\n.avia-section.av-l1cbxrdz-d7babe589f5b59179a6077f8ccd10cfe{\nbackground-repeat:no-repeat;\nbackground-image:url(https:\/\/marcomiele.de\/wp-content\/uploads\/2024\/01\/kv-hypnotiseur_MOBILE.jpg);\nbackground-position:50% 100%;\nbackground-attachment:scroll;\n}\n<\/style>\n<div id='av_section_2'  class='avia-section av-l1cbxrdz-d7babe589f5b59179a6077f8ccd10cfe main_color avia-section-large avia-no-border-styling  avia-builder-el-3  el_after_av_section  el_before_av_section  av-desktop-hide av-medium-hide avia-bg-style-scroll av-minimum-height av-minimum-height-70 av-height-percent  container_wrap sidebar_right'  data-section-bg-repeat='no-repeat' data-av_minimum_height_pc='70' data-av_min_height_opt='percent'><div class='container av-section-cont-open' ><div class='template-page content  av-content-small alpha units'><div class='post-entry post-entry-type-page post-entry-3840'><div class='entry-content-wrapper clearfix'>\n\n<style type=\"text\/css\" data-created_by=\"avia_inline_auto\" id=\"style-css-av-a5589s-9bed3544b25c6bbdf252d78ef538005a\">\n#top .flex_column.av-a5589s-9bed3544b25c6bbdf252d78ef538005a{\nmargin-top:0px;\nmargin-bottom:200px;\n}\n.flex_column.av-a5589s-9bed3544b25c6bbdf252d78ef538005a{\nborder-radius:0px 0px 0px 0px;\npadding:0px 0px 0px 0px;\n}\n.responsive #top #wrap_all .flex_column.av-a5589s-9bed3544b25c6bbdf252d78ef538005a{\nmargin-top:0px;\nmargin-bottom:200px;\n}\n<\/style>\n<div  class='flex_column av-a5589s-9bed3544b25c6bbdf252d78ef538005a av_one_full  avia-builder-el-4  avia-builder-el-no-sibling  text-aboutme first flex_column_div av-animated-generic top-to-bottom av-zero-column-padding  '     ><section  class='av_textblock_section av-l1cbzbul-394d485e0246361fbff685f6184ca931 '   itemscope=\"itemscope\" itemtype=\"https:\/\/schema.org\/CreativeWork\" ><div class='avia_textblock'  itemprop=\"text\" ><p class=\"mmtitle\" style=\"text-align: center;\">THE HYPNOTIST<\/p>\n<h3 class=\"mmsubtitle\" style=\"text-align: center;\">Marco Miele<\/h3>\n<\/div><\/section><\/div><\/div><\/div><\/div><!-- close content main div --><\/div><\/div><div id='av_section_3'  class='avia-section av-l1cby722-91aa2c99702c5c778ae132222b40b47b main_color avia-section-small avia-no-border-styling  avia-builder-el-6  el_after_av_section  avia-builder-el-last  avia-bg-style-scroll container_wrap sidebar_right'  ><div class='container av-section-cont-open' ><div class='template-page content  av-content-small alpha units'><div class='post-entry post-entry-type-page post-entry-3840'><div class='entry-content-wrapper clearfix'>\n\n<style type=\"text\/css\" data-created_by=\"avia_inline_auto\" id=\"style-css-av-4bxiao-c6f72a18f00dc07aa8f8102e14beade9\">\n.flex_column.av-4bxiao-c6f72a18f00dc07aa8f8102e14beade9{\nborder-radius:0px 0px 0px 0px;\npadding:0px 0px 0px 0px;\n}\n<\/style>\n<div  class='flex_column av-4bxiao-c6f72a18f00dc07aa8f8102e14beade9 av_one_full  avia-builder-el-7  avia-builder-el-no-sibling  first flex_column_div av-zero-column-padding  '     ><p>\n<style type=\"text\/css\" data-created_by=\"avia_inline_auto\" id=\"style-css-av-l81pvvoe-671aa96b1d9650b30030534ffca3f78a\">\n#top .hr.av-l81pvvoe-671aa96b1d9650b30030534ffca3f78a{\nmargin-top:0px;\nmargin-bottom:0px;\n}\n.hr.av-l81pvvoe-671aa96b1d9650b30030534ffca3f78a .hr-inner{\nwidth:50px;\n}\n<\/style>\n<div  class='hr av-l81pvvoe-671aa96b1d9650b30030534ffca3f78a hr-custom  avia-builder-el-8  el_before_av_textblock  avia-builder-el-first  av-small-hide av-mini-hide hr-center hr-icon-no'><span class='hr-inner inner-border-av-border-none'><span class=\"hr-inner-style\"><\/span><\/span><\/div><br \/>\n<section  class='av_textblock_section av-k0y8umf3-8da88637ecbe64accdd18f8c87ddde4a '   itemscope=\"itemscope\" itemtype=\"https:\/\/schema.org\/CreativeWork\" ><div class='avia_textblock'  itemprop=\"text\" ><h1>The Hypnotist from Stuttgart<\/h1>\n<p>Does hypnosis really work? Is it possible to let someone forget his own name or to control a person by distance?<\/p>\n<p>Hypnosis is a powerful and impressive tool as you can provoke a lot in others when you master it.<\/p>\n<p>But professional hypnotist <a href=\"https:\/\/marcomiele.de\/en\/about\/\">Marco Miele<\/a> from Stuttgart won\u2019t make anybody look like a fool.<\/p>\n<p>He uses his fascinating show hypnosis to directly involve his spectators and to create together a spectacular magic moment that fascinates both the person on stage as well as the entire audience!<\/p>\n<p>For hypnotist Marco Miele, it\u2019s all about real magic: the one that spreads among people who create a bond through their amazement and their emotions.<\/p>\n<p>Let your guests experience this true magic at your next <a href=\"https:\/\/marcomiele.de\/en\/magician-event\/\">party<\/a> or <a href=\"https:\/\/marcomiele.de\/en\/magician-event\/corporate-business\/\">corporate event<\/a> and let them have unforgettable moments!<\/p>\n<blockquote>\n<p>We booked Marco for our wedding in January and he captivated and literally enchanted all guests from the very first moment. No matter if young or old, all guests were absolutely thrilled by Marco&#8217;s show and interactions &#8211; he was the highlight of the evening and we can definitely recommend him more than 100%! &#8211; Janine Guilliard<\/p>\n<\/blockquote>\n<\/div><\/section><br \/>\n<div  class='avia-button-wrap av-k112cpg3-085ea824f9ed80455f6be13c73840a2b-wrap avia-button-left  avia-builder-el-10  el_after_av_textblock  el_before_av_hr '><a href='https:\/\/marcomiele.de\/en\/contact\/'  class='avia-button av-k112cpg3-085ea824f9ed80455f6be13c73840a2b av-link-btn avia-icon_select-yes-left-icon avia-size-x-large avia-position-left avia-color-theme-color-highlight'   aria-label=\"Make your request\"><span class='avia_button_icon avia_button_icon_left avia-iconfont avia-font-entypo-fontello' data-av_icon='\ue875' data-av_iconfont='entypo-fontello' ><\/span><span class='avia_iconbox_title' >Make your request<\/span><\/a><\/div><br \/>\n\n<style type=\"text\/css\" data-created_by=\"avia_inline_auto\" id=\"style-css-av-k7p3iey4-5bff05ce3566df45025eae37f87fae14\">\n#top .hr.av-k7p3iey4-5bff05ce3566df45025eae37f87fae14{\nmargin-top:0px;\nmargin-bottom:0px;\n}\n.hr.av-k7p3iey4-5bff05ce3566df45025eae37f87fae14 .hr-inner{\nwidth:50px;\n}\n<\/style>\n<div  class='hr av-k7p3iey4-5bff05ce3566df45025eae37f87fae14 hr-custom  avia-builder-el-11  el_after_av_button  el_before_av_masonry_gallery  avia-builder-el-last  hr-center hr-icon-no'><span class='hr-inner inner-border-av-border-none'><span class=\"hr-inner-style\"><\/span><\/span><\/div><br \/>\n<div id='av-masonry-1' class='av-masonry av-85iug-47d64eea29855c064d448a7b62e22107 noHover av-fixed-size av-large-gap av-hover-overlay- av-masonry-animation-active av-masonry-col-3 av-caption-always av-caption-style- av-masonry-gallery ' data-post_id=\"3840\"><div class=\"av-masonry-container isotope av-js-disabled\"><div class='av-masonry-entry isotope-item av-masonry-item-no-image '><\/div><a href=\"https:\/\/marcomiele.de\/wp-content\/uploads\/2020\/11\/Hypnose-Marco-Miele-Magic-Show.png\" data-srcset=\"https:\/\/marcomiele.de\/wp-content\/uploads\/2020\/11\/Hypnose-Marco-Miele-Magic-Show.png 1009w, https:\/\/marcomiele.de\/wp-content\/uploads\/2020\/11\/Hypnose-Marco-Miele-Magic-Show-300x171.png 300w, https:\/\/marcomiele.de\/wp-content\/uploads\/2020\/11\/Hypnose-Marco-Miele-Magic-Show-768x437.png 768w, https:\/\/marcomiele.de\/wp-content\/uploads\/2020\/11\/Hypnose-Marco-Miele-Magic-Show-705x401.png 705w\" data-sizes=\"(max-width: 1009px) 100vw, 1009px\"  aria-label=\"image Winner of the Merlin Award for best Hypnosis-Show\"  id='av-masonry-1-item-8131' data-av-masonry-item='8131' class='av-masonry-entry isotope-item post-8131 attachment type-attachment status-inherit hentry  av-masonry-item-with-image' title=\"Winner of the Merlin Award for best Hypnosis-Show\" alt=\"Marco Miele provides therapeutic hypnosis seminars throughout Germany\"    itemprop=\"thumbnailUrl\" ><div class='av-inner-masonry-sizer'><\/div><figure class='av-inner-masonry main_color'><div class=\"av-masonry-outerimage-container\"><div class='av-masonry-image-container' style=\"background-image: url(https:\/\/marcomiele.de\/wp-content\/uploads\/2020\/11\/Hypnose-Marco-Miele-Magic-Show-705x401.png);\"  title=\"Winner of the Merlin Award for best Hypnosis-Show\" ><\/div><\/div><\/figure><\/a><!--end av-masonry entry--><a href=\"https:\/\/marcomiele.de\/wp-content\/uploads\/2020\/11\/Marco-Miele-Hypnose-Magic-Show-1030x578.png\" data-srcset=\"https:\/\/marcomiele.de\/wp-content\/uploads\/2020\/11\/Marco-Miele-Hypnose-Magic-Show-1030x578.png 1030w, https:\/\/marcomiele.de\/wp-content\/uploads\/2020\/11\/Marco-Miele-Hypnose-Magic-Show-300x168.png 300w, https:\/\/marcomiele.de\/wp-content\/uploads\/2020\/11\/Marco-Miele-Hypnose-Magic-Show-768x431.png 768w, https:\/\/marcomiele.de\/wp-content\/uploads\/2020\/11\/Marco-Miele-Hypnose-Magic-Show-705x396.png 705w, https:\/\/marcomiele.de\/wp-content\/uploads\/2020\/11\/Marco-Miele-Hypnose-Magic-Show.png 1103w\" data-sizes=\"(max-width: 1030px) 100vw, 1030px\"  aria-label=\"image Breathless audience for Marco Miele&#8217;s hypnosis show\"  id='av-masonry-1-item-8134' data-av-masonry-item='8134' class='av-masonry-entry isotope-item post-8134 attachment type-attachment status-inherit hentry  av-masonry-item-with-image' title=\"Breathless audience for Marco Miele&#8217;s hypnosis show\" alt=\"Book the best hypnotist for your next magic show in Munich\"    itemprop=\"thumbnailUrl\" ><div class='av-inner-masonry-sizer'><\/div><figure class='av-inner-masonry main_color'><div class=\"av-masonry-outerimage-container\"><div class='av-masonry-image-container' style=\"background-image: url(https:\/\/marcomiele.de\/wp-content\/uploads\/2020\/11\/Marco-Miele-Hypnose-Magic-Show-705x396.png);\"  title=\"Breathless audience for Marco Miele&#8217;s hypnosis show\" ><\/div><\/div><\/figure><\/a><!--end av-masonry entry--><a href=\"https:\/\/marcomiele.de\/wp-content\/uploads\/2020\/11\/Marco-Miele-Hypnotiseur-Stuttgart-.png\" data-srcset=\"https:\/\/marcomiele.de\/wp-content\/uploads\/2020\/11\/Marco-Miele-Hypnotiseur-Stuttgart-.png 773w, https:\/\/marcomiele.de\/wp-content\/uploads\/2020\/11\/Marco-Miele-Hypnotiseur-Stuttgart--300x224.png 300w, https:\/\/marcomiele.de\/wp-content\/uploads\/2020\/11\/Marco-Miele-Hypnotiseur-Stuttgart--768x574.png 768w, https:\/\/marcomiele.de\/wp-content\/uploads\/2020\/11\/Marco-Miele-Hypnotiseur-Stuttgart--705x527.png 705w\" data-sizes=\"(max-width: 773px) 100vw, 773px\"  aria-label=\"image Unforgettable magic show with the hypnotist Marco Miele\"  id='av-masonry-1-item-8137' data-av-masonry-item='8137' class='av-masonry-entry isotope-item post-8137 attachment type-attachment status-inherit hentry  av-masonry-item-with-image' title=\"Unforgettable magic show with the hypnotist Marco Miele\" alt=\"For the best hypnosis show in Berlin, book Marco Miele from Stuttgart\"    itemprop=\"thumbnailUrl\" ><div class='av-inner-masonry-sizer'><\/div><figure class='av-inner-masonry main_color'><div class=\"av-masonry-outerimage-container\"><div class='av-masonry-image-container' style=\"background-image: url(https:\/\/marcomiele.de\/wp-content\/uploads\/2020\/11\/Marco-Miele-Hypnotiseur-Stuttgart--705x527.png);\"  title=\"Unforgettable magic show with the hypnotist Marco Miele\" ><\/div><\/div><\/figure><\/a><!--end av-masonry entry--><\/div><\/div><\/p><\/div><\/div><\/div><\/div><!-- close content main div --><\/div><\/div><div id='after_section_3'  class='main_color av_default_container_wrap container_wrap sidebar_right'  ><div class='container av-section-cont-open' ><div class='template-page content  av-content-small alpha units'><div class='post-entry post-entry-type-page post-entry-3840'><div class='entry-content-wrapper clearfix'><\/p>\n","protected":false},"excerpt":{"rendered":"","protected":false},"author":3,"featured_media":0,"parent":3830,"menu_order":0,"comment_status":"closed","ping_status":"closed","template":"","meta":{"footnotes":""},"class_list":["post-3840","page","type-page","status-publish","hentry"],"yoast_head":"<!-- This site is optimized with the Yoast SEO plugin v27.3 - https:\/\/yoast.com\/product\/yoast-seo-wordpress\/ -->\n<title>Mysterious hypnosis show | The Hypnotist from Stuttgart - Marco Miele - Magische Momente<\/title>\n<meta name=\"description\" content=\"The hypnotist Marco Miele carries his audience into the mysterious world of the subconscious. Winner of the Merlin Award for Best Hypnosis Magic Show.\" \/>\n<meta name=\"robots\" content=\"index, follow, max-snippet:-1, max-image-preview:large, max-video-preview:-1\" \/>\n<link rel=\"canonical\" href=\"https:\/\/marcomiele.de\/en\/about\/hypnotist-stuttgart\/\" \/>\n<meta property=\"og:locale\" content=\"en_US\" \/>\n<meta property=\"og:type\" content=\"article\" \/>\n<meta property=\"og:title\" content=\"Mysterious hypnosis show | The Hypnotist from Stuttgart - Marco Miele - Magische Momente\" \/>\n<meta property=\"og:description\" content=\"The hypnotist Marco Miele carries his audience into the mysterious world of the subconscious. Winner of the Merlin Award for Best Hypnosis Magic Show.\" \/>\n<meta property=\"og:url\" content=\"https:\/\/marcomiele.de\/en\/about\/hypnotist-stuttgart\/\" \/>\n<meta property=\"og:site_name\" content=\"Marco Miele - Magische Momente\" \/>\n<meta property=\"article:modified_time\" content=\"2025-03-26T15:48:53+00:00\" \/>\n<meta property=\"og:image\" content=\"https:\/\/marcomiele.de\/wp-content\/uploads\/2020\/04\/MarcoMiele-OG.jpg\" \/>\n\t<meta property=\"og:image:width\" content=\"1200\" \/>\n\t<meta property=\"og:image:height\" content=\"630\" \/>\n\t<meta property=\"og:image:type\" content=\"image\/jpeg\" \/>\n<meta name=\"twitter:card\" content=\"summary_large_image\" \/>\n<meta name=\"twitter:label1\" content=\"Est. reading time\" \/>\n\t<meta name=\"twitter:data1\" content=\"1 minute\" \/>\n<script type=\"application\/ld+json\" class=\"yoast-schema-graph\">{\"@context\":\"https:\\\/\\\/schema.org\",\"@graph\":[{\"@type\":\"WebPage\",\"@id\":\"https:\\\/\\\/marcomiele.de\\\/en\\\/about\\\/hypnotist-stuttgart\\\/\",\"url\":\"https:\\\/\\\/marcomiele.de\\\/en\\\/about\\\/hypnotist-stuttgart\\\/\",\"name\":\"Mysterious hypnosis show | The Hypnotist from Stuttgart - Marco Miele - Magische Momente\",\"isPartOf\":{\"@id\":\"https:\\\/\\\/marcomiele.de\\\/en\\\/#website\"},\"datePublished\":\"2019-08-27T18:59:01+00:00\",\"dateModified\":\"2025-03-26T15:48:53+00:00\",\"description\":\"The hypnotist Marco Miele carries his audience into the mysterious world of the subconscious. Winner of the Merlin Award for Best Hypnosis Magic Show.\",\"breadcrumb\":{\"@id\":\"https:\\\/\\\/marcomiele.de\\\/en\\\/about\\\/hypnotist-stuttgart\\\/#breadcrumb\"},\"inLanguage\":\"en-US\",\"potentialAction\":[{\"@type\":\"ReadAction\",\"target\":[\"https:\\\/\\\/marcomiele.de\\\/en\\\/about\\\/hypnotist-stuttgart\\\/\"]}]},{\"@type\":\"BreadcrumbList\",\"@id\":\"https:\\\/\\\/marcomiele.de\\\/en\\\/about\\\/hypnotist-stuttgart\\\/#breadcrumb\",\"itemListElement\":[{\"@type\":\"ListItem\",\"position\":1,\"name\":\"Startseite\",\"item\":\"https:\\\/\\\/marcomiele.de\\\/en\\\/\"},{\"@type\":\"ListItem\",\"position\":2,\"name\":\"The Person\",\"item\":\"https:\\\/\\\/marcomiele.de\\\/en\\\/about\\\/\"},{\"@type\":\"ListItem\",\"position\":3,\"name\":\"The Hypnotist from Stuttgart\"}]},{\"@type\":\"WebSite\",\"@id\":\"https:\\\/\\\/marcomiele.de\\\/en\\\/#website\",\"url\":\"https:\\\/\\\/marcomiele.de\\\/en\\\/\",\"name\":\"Marco Miele - Magische Momente\",\"description\":\"Als Magier und Mentalist ber\u00fchrt und erstaunt Marco Miele seine Zuschauer auf eine besondere, au\u00dfergew\u00f6hnliche, geheimnisvolle Weise.\",\"publisher\":{\"@id\":\"https:\\\/\\\/marcomiele.de\\\/en\\\/#\\\/schema\\\/person\\\/3078a1356065fc75734b8de8c883ed5f\"},\"potentialAction\":[{\"@type\":\"SearchAction\",\"target\":{\"@type\":\"EntryPoint\",\"urlTemplate\":\"https:\\\/\\\/marcomiele.de\\\/en\\\/?s={search_term_string}\"},\"query-input\":{\"@type\":\"PropertyValueSpecification\",\"valueRequired\":true,\"valueName\":\"search_term_string\"}}],\"inLanguage\":\"en-US\"},{\"@type\":[\"Person\",\"Organization\"],\"@id\":\"https:\\\/\\\/marcomiele.de\\\/en\\\/#\\\/schema\\\/person\\\/3078a1356065fc75734b8de8c883ed5f\",\"name\":\"Marco Miele\",\"logo\":{\"@id\":\"https:\\\/\\\/marcomiele.de\\\/en\\\/#\\\/schema\\\/person\\\/image\\\/\"}}]}<\/script>\n<!-- \/ Yoast SEO plugin. -->","yoast_head_json":{"title":"Mysterious hypnosis show | The Hypnotist from Stuttgart - Marco Miele - Magische Momente","description":"The hypnotist Marco Miele carries his audience into the mysterious world of the subconscious. Winner of the Merlin Award for Best Hypnosis Magic Show.","robots":{"index":"index","follow":"follow","max-snippet":"max-snippet:-1","max-image-preview":"max-image-preview:large","max-video-preview":"max-video-preview:-1"},"canonical":"https:\/\/marcomiele.de\/en\/about\/hypnotist-stuttgart\/","og_locale":"en_US","og_type":"article","og_title":"Mysterious hypnosis show | The Hypnotist from Stuttgart - Marco Miele - Magische Momente","og_description":"The hypnotist Marco Miele carries his audience into the mysterious world of the subconscious. Winner of the Merlin Award for Best Hypnosis Magic Show.","og_url":"https:\/\/marcomiele.de\/en\/about\/hypnotist-stuttgart\/","og_site_name":"Marco Miele - Magische Momente","article_modified_time":"2025-03-26T15:48:53+00:00","og_image":[{"width":1200,"height":630,"url":"https:\/\/marcomiele.de\/wp-content\/uploads\/2020\/04\/MarcoMiele-OG.jpg","type":"image\/jpeg"}],"twitter_card":"summary_large_image","twitter_misc":{"Est. reading time":"1 minute"},"schema":{"@context":"https:\/\/schema.org","@graph":[{"@type":"WebPage","@id":"https:\/\/marcomiele.de\/en\/about\/hypnotist-stuttgart\/","url":"https:\/\/marcomiele.de\/en\/about\/hypnotist-stuttgart\/","name":"Mysterious hypnosis show | The Hypnotist from Stuttgart - Marco Miele - Magische Momente","isPartOf":{"@id":"https:\/\/marcomiele.de\/en\/#website"},"datePublished":"2019-08-27T18:59:01+00:00","dateModified":"2025-03-26T15:48:53+00:00","description":"The hypnotist Marco Miele carries his audience into the mysterious world of the subconscious. Winner of the Merlin Award for Best Hypnosis Magic Show.","breadcrumb":{"@id":"https:\/\/marcomiele.de\/en\/about\/hypnotist-stuttgart\/#breadcrumb"},"inLanguage":"en-US","potentialAction":[{"@type":"ReadAction","target":["https:\/\/marcomiele.de\/en\/about\/hypnotist-stuttgart\/"]}]},{"@type":"BreadcrumbList","@id":"https:\/\/marcomiele.de\/en\/about\/hypnotist-stuttgart\/#breadcrumb","itemListElement":[{"@type":"ListItem","position":1,"name":"Startseite","item":"https:\/\/marcomiele.de\/en\/"},{"@type":"ListItem","position":2,"name":"The Person","item":"https:\/\/marcomiele.de\/en\/about\/"},{"@type":"ListItem","position":3,"name":"The Hypnotist from Stuttgart"}]},{"@type":"WebSite","@id":"https:\/\/marcomiele.de\/en\/#website","url":"https:\/\/marcomiele.de\/en\/","name":"Marco Miele - Magische Momente","description":"Als Magier und Mentalist ber\u00fchrt und erstaunt Marco Miele seine Zuschauer auf eine besondere, au\u00dfergew\u00f6hnliche, geheimnisvolle Weise.","publisher":{"@id":"https:\/\/marcomiele.de\/en\/#\/schema\/person\/3078a1356065fc75734b8de8c883ed5f"},"potentialAction":[{"@type":"SearchAction","target":{"@type":"EntryPoint","urlTemplate":"https:\/\/marcomiele.de\/en\/?s={search_term_string}"},"query-input":{"@type":"PropertyValueSpecification","valueRequired":true,"valueName":"search_term_string"}}],"inLanguage":"en-US"},{"@type":["Person","Organization"],"@id":"https:\/\/marcomiele.de\/en\/#\/schema\/person\/3078a1356065fc75734b8de8c883ed5f","name":"Marco Miele","logo":{"@id":"https:\/\/marcomiele.de\/en\/#\/schema\/person\/image\/"}}]}},"_links":{"self":[{"href":"https:\/\/marcomiele.de\/en\/wp-json\/wp\/v2\/pages\/3840","targetHints":{"allow":["GET"]}}],"collection":[{"href":"https:\/\/marcomiele.de\/en\/wp-json\/wp\/v2\/pages"}],"about":[{"href":"https:\/\/marcomiele.de\/en\/wp-json\/wp\/v2\/types\/page"}],"author":[{"embeddable":true,"href":"https:\/\/marcomiele.de\/en\/wp-json\/wp\/v2\/users\/3"}],"replies":[{"embeddable":true,"href":"https:\/\/marcomiele.de\/en\/wp-json\/wp\/v2\/comments?post=3840"}],"version-history":[{"count":0,"href":"https:\/\/marcomiele.de\/en\/wp-json\/wp\/v2\/pages\/3840\/revisions"}],"up":[{"embeddable":true,"href":"https:\/\/marcomiele.de\/en\/wp-json\/wp\/v2\/pages\/3830"}],"wp:attachment":[{"href":"https:\/\/marcomiele.de\/en\/wp-json\/wp\/v2\/media?parent=3840"}],"curies":[{"name":"wp","href":"https:\/\/api.w.org\/{rel}","templated":true}]}}