{"id":3834,"date":"2019-08-27T20:55:26","date_gmt":"2019-08-27T18:55:26","guid":{"rendered":"https:\/\/marcomiele.de\/the-mentalist-from-stuttgart\/"},"modified":"2025-03-26T16:50:48","modified_gmt":"2025-03-26T15:50:48","slug":"mental-magic-stuttgart","status":"publish","type":"page","link":"https:\/\/marcomiele.de\/en\/about\/mental-magic-stuttgart\/","title":{"rendered":"The Mentalist from Stuttgart"},"content":{"rendered":"\n<style type=\"text\/css\" data-created_by=\"avia_inline_auto\" id=\"style-css-av-9rk48q-f738a57da5d3cccf506db8b57b3dbaad\">\n.avia-section.av-9rk48q-f738a57da5d3cccf506db8b57b3dbaad .av-parallax .av-parallax-inner{\nbackground-repeat:no-repeat;\nbackground-image:url(https:\/\/marcomiele.de\/wp-content\/uploads\/2024\/02\/NEW_kv-mentalist-pc.jpg);\nbackground-position:0% 0%;\nbackground-attachment:scroll;\n}\n<\/style>\n<div id='av_section_1'  class='avia-section av-9rk48q-f738a57da5d3cccf506db8b57b3dbaad main_color avia-section-large avia-no-border-styling  avia-builder-el-0  el_before_av_section  avia-builder-el-first  av-small-hide av-mini-hide av-parallax-section avia-bg-style-parallax av-minimum-height av-minimum-height-custom av-height-custom  container_wrap sidebar_right'  data-section-bg-repeat='no-repeat' data-av_minimum_height_px='600'><div class='av-parallax' data-avia-parallax-ratio='0.3' ><div class='av-parallax-inner main_color avia-full-stretch'><\/div><\/div><div class='container av-section-cont-open' style='height:600px'><main  role=\"main\" itemprop=\"mainContentOfPage\"  class='template-page content  av-content-small alpha units'><div class='post-entry post-entry-type-page post-entry-3834'><div class='entry-content-wrapper clearfix'>\n\n<style type=\"text\/css\" data-created_by=\"avia_inline_auto\" id=\"style-css-av-7uyzcq-bd3a028f060430e4499551453ff7de1f\">\n.flex_column.av-7uyzcq-bd3a028f060430e4499551453ff7de1f{\nborder-radius:0px 0px 0px 0px;\npadding:0px 0px 0px 0px;\n}\n<\/style>\n<div  class='flex_column av-7uyzcq-bd3a028f060430e4499551453ff7de1f av_one_full  avia-builder-el-1  avia-builder-el-no-sibling  text-aboutme first flex_column_div av-animated-generic right-to-left av-zero-column-padding  '     ><section  class='av_textblock_section av-64wr96-8bd70c8f480c50d19303b3238545e2f5 '   itemscope=\"itemscope\" itemtype=\"https:\/\/schema.org\/CreativeWork\" ><div class='avia_textblock'  itemprop=\"text\" ><p class=\"mmtitle\" style=\"text-align: right;\">THE MENTALIST<\/p>\n<h3 class=\"mmsubtitle\" style=\"text-align: right;\">Marco Miele<\/h3>\n<\/div><\/section><\/div><\/div><\/div><\/main><!-- close content main element --><\/div><\/div>\n<style type=\"text\/css\" data-created_by=\"avia_inline_auto\" id=\"style-css-av-l0val8i1-c2aaf6e7e238515360053293402a40af\">\n.avia-section.av-l0val8i1-c2aaf6e7e238515360053293402a40af{\nbackground-repeat:no-repeat;\nbackground-image:url(https:\/\/marcomiele.de\/wp-content\/uploads\/2024\/01\/kv-MOBILE-mentalist.jpg);\nbackground-position:50% 100%;\nbackground-attachment:scroll;\n}\n<\/style>\n<div id='av_section_2'  class='avia-section av-l0val8i1-c2aaf6e7e238515360053293402a40af main_color avia-section-large avia-no-border-styling  avia-builder-el-3  el_after_av_section  el_before_av_section  av-desktop-hide av-medium-hide avia-bg-style-scroll av-minimum-height av-minimum-height-70 av-height-percent  container_wrap sidebar_right'  data-section-bg-repeat='no-repeat' data-av_minimum_height_pc='70' data-av_min_height_opt='percent'><div class='container av-section-cont-open' ><div class='template-page content  av-content-small alpha units'><div class='post-entry post-entry-type-page post-entry-3834'><div class='entry-content-wrapper clearfix'>\n\n<style type=\"text\/css\" data-created_by=\"avia_inline_auto\" id=\"style-css-av-apz6q2-8f5f673652b36bbc646cac4bbf0ed276\">\n#top .flex_column.av-apz6q2-8f5f673652b36bbc646cac4bbf0ed276{\nmargin-top:0px;\nmargin-bottom:200px;\n}\n.flex_column.av-apz6q2-8f5f673652b36bbc646cac4bbf0ed276{\nborder-radius:0px 0px 0px 0px;\npadding:0px 0px 0px 0px;\n}\n.responsive #top #wrap_all .flex_column.av-apz6q2-8f5f673652b36bbc646cac4bbf0ed276{\nmargin-top:0px;\nmargin-bottom:200px;\n}\n<\/style>\n<div  class='flex_column av-apz6q2-8f5f673652b36bbc646cac4bbf0ed276 av_one_full  avia-builder-el-4  avia-builder-el-no-sibling  text-aboutme first flex_column_div av-animated-generic top-to-bottom av-zero-column-padding  '     ><section  class='av_textblock_section av-l0valsb8-237e9804a184ca0c338cf16d474f051e '   itemscope=\"itemscope\" itemtype=\"https:\/\/schema.org\/CreativeWork\" ><div class='avia_textblock'  itemprop=\"text\" ><p class=\"mmtitle\" style=\"text-align: center;\">THE MENTALIST<\/p>\n<h3 class=\"mmsubtitle\" style=\"text-align: center;\">Marco Miele<\/h3>\n<\/div><\/section><\/div><\/div><\/div><\/div><!-- close content main div --><\/div><\/div><div id='pc'  class='avia-section av-l0vapn0v-64d14bc48853c1b7ae4767384306d344 main_color avia-section-small avia-no-border-styling  avia-builder-el-6  el_after_av_section  avia-builder-el-last  avia-bg-style-scroll container_wrap sidebar_right'  ><div class='container av-section-cont-open' ><div class='template-page content  av-content-small alpha units'><div class='post-entry post-entry-type-page post-entry-3834'><div class='entry-content-wrapper clearfix'>\n\n<style type=\"text\/css\" data-created_by=\"avia_inline_auto\" id=\"style-css-av-l81pnyjf-9e7e1a422fc3d9ce8b9ff7557ef312b3\">\n#top .hr.av-l81pnyjf-9e7e1a422fc3d9ce8b9ff7557ef312b3{\nmargin-top:0px;\nmargin-bottom:0px;\n}\n.hr.av-l81pnyjf-9e7e1a422fc3d9ce8b9ff7557ef312b3 .hr-inner{\nwidth:50px;\n}\n<\/style>\n<div  class='hr av-l81pnyjf-9e7e1a422fc3d9ce8b9ff7557ef312b3 hr-custom  avia-builder-el-7  el_before_av_one_full  avia-builder-el-first  av-small-hide av-mini-hide hr-center hr-icon-no'><span class='hr-inner inner-border-av-border-none'><span class=\"hr-inner-style\"><\/span><\/span><\/div>\n\n<style type=\"text\/css\" data-created_by=\"avia_inline_auto\" id=\"style-css-av-4ajkga-9316d7b52c3e429a4104086655b01e29\">\n.flex_column.av-4ajkga-9316d7b52c3e429a4104086655b01e29{\nborder-radius:0px 0px 0px 0px;\npadding:0px 0px 0px 0px;\n}\n<\/style>\n<div  class='flex_column av-4ajkga-9316d7b52c3e429a4104086655b01e29 av_one_full  avia-builder-el-8  el_after_av_hr  avia-builder-el-last  first flex_column_div av-zero-column-padding  '     ><section  class='av_textblock_section av-k0y8nwla-ad12bef1348c7bbb870c6975a70b85c6 '   itemscope=\"itemscope\" itemtype=\"https:\/\/schema.org\/CreativeWork\" ><div class='avia_textblock'  itemprop=\"text\" ><h1>The Mentalist from Stuttgart<\/h1>\n<p>The ability to sense things that cannot be seen is innate in us humans, in the form of &#8220;intuition&#8221;, an inexplicable sense of premonition&#8230;<\/p>\n<p>The mentalist <a href=\"https:\/\/marcomiele.de\/en\/about\/\">Marco Miele<\/a> from Stuttgart has inherited a special sensibility in this from his mother already as a toddler. To guess exactly who is calling even before the phone starts to ring or to understand what a person is thinking about: these are phenomena that can hardly be explained but do exist, as the experienced mental magician from Stuttgart knows.<\/p>\n<p>Over the years he has developed this talent into the art of creating connections between people and deeply touching them in unforgettable ways.<\/p>\n<p>Both in his exciting <a href=\"https:\/\/marcomiele.de\/en\/magician-event\/\">show<\/a> and in his amazing <a href=\"https:\/\/marcomiele.de\/en\/magical-repertoire\/close-up\/\">close-up<\/a> program, Marco enriches your event with mind-reading, predictions and other paranormal processes, making your special occasion a breathtaking experience for you and your guests!<\/p>\n<p>The real magic that emerges from his art, the deep, authentic emotions of people and a shared sense of connection that spontaneously arises among them, are what the accomplished mentalist Marco Miele cherishes most.<\/p>\n<p>Don&#8217;t miss this experience and surprise your customers, guests or employees with unforgettable moments.<\/p>\n<p>The mentalist Marco Miele from Stuttgart will enchant your <a href=\"https:\/\/marcomiele.de\/en\/magician-event\/corporate-business\/\">company party<\/a>, your <a href=\"https:\/\/marcomiele.de\/en\/magician-event\/wedding\/\">wedding<\/a> or your <a href=\"https:\/\/marcomiele.de\/en\/magician-event\/birthday-party\/\">birthday party<\/a> according to your wishes!<\/p>\n<blockquote>\n<p>Many, many thanks Marco for the magical moments you gave us during the celebration of our company anniversary in Singen. You exceeded our highest expectations and enchanted our guests. Through your performance you made sure that this day will be remembered by our guests! We can fully recommend Marco and will certainly book him again for further events! &#8211; Gideon Popper, Brillux<\/p>\n<\/blockquote>\n<\/div><\/section><br \/>\n\n<style type=\"text\/css\" data-created_by=\"avia_inline_auto\" id=\"style-css-av-av_hr-17971b15192ed1f7336e3c68f54046a1\">\n#top .hr.av-av_hr-17971b15192ed1f7336e3c68f54046a1{\nmargin-top:0px;\nmargin-bottom:0px;\n}\n.hr.av-av_hr-17971b15192ed1f7336e3c68f54046a1 .hr-inner{\nwidth:50px;\n}\n<\/style>\n<div  class='hr av-av_hr-17971b15192ed1f7336e3c68f54046a1 hr-custom  avia-builder-el-10  el_after_av_textblock  el_before_av_button  hr-center hr-icon-no'><span class='hr-inner inner-border-av-border-none'><span class=\"hr-inner-style\"><\/span><\/span><\/div><br \/>\n<div  class='avia-button-wrap av-k112cpg3-085ea824f9ed80455f6be13c73840a2b-wrap avia-button-left  avia-builder-el-11  el_after_av_hr  el_before_av_hr '><a href='https:\/\/marcomiele.de\/en\/contact\/'  class='avia-button av-k112cpg3-085ea824f9ed80455f6be13c73840a2b av-link-btn avia-icon_select-yes-left-icon avia-size-x-large avia-position-left avia-color-theme-color-highlight'   aria-label=\"Make your request\"><span class='avia_button_icon avia_button_icon_left avia-iconfont avia-font-entypo-fontello' data-av_icon='\ue875' data-av_iconfont='entypo-fontello' ><\/span><span class='avia_iconbox_title' >Make your request<\/span><\/a><\/div><br \/>\n\n<style type=\"text\/css\" data-created_by=\"avia_inline_auto\" id=\"style-css-av-k7p3iey4-5bff05ce3566df45025eae37f87fae14\">\n#top .hr.av-k7p3iey4-5bff05ce3566df45025eae37f87fae14{\nmargin-top:0px;\nmargin-bottom:0px;\n}\n.hr.av-k7p3iey4-5bff05ce3566df45025eae37f87fae14 .hr-inner{\nwidth:50px;\n}\n<\/style>\n<div  class='hr av-k7p3iey4-5bff05ce3566df45025eae37f87fae14 hr-custom  avia-builder-el-12  el_after_av_button  el_before_av_masonry_gallery  avia-builder-el-last  hr-center hr-icon-no'><span class='hr-inner inner-border-av-border-none'><span class=\"hr-inner-style\"><\/span><\/span><\/div><br \/>\n<div id='av-masonry-1' class='av-masonry av-28xbi2-2c0ce05973b234f916a72e9002142e7c noHover av-fixed-size av-large-gap av-hover-overlay- av-masonry-animation-active av-masonry-col-3 av-caption-always av-caption-style- av-masonry-gallery ' data-post_id=\"3834\"><div class=\"av-masonry-container isotope av-js-disabled\"><div class='av-masonry-entry isotope-item av-masonry-item-no-image '><\/div><a href=\"https:\/\/marcomiele.de\/wp-content\/uploads\/2020\/11\/Marco-Miele-Zauber-Trick-687x1030.jpg\" data-srcset=\"https:\/\/marcomiele.de\/wp-content\/uploads\/2020\/11\/Marco-Miele-Zauber-Trick-687x1030.jpg 687w, https:\/\/marcomiele.de\/wp-content\/uploads\/2020\/11\/Marco-Miele-Zauber-Trick-200x300.jpg 200w, https:\/\/marcomiele.de\/wp-content\/uploads\/2020\/11\/Marco-Miele-Zauber-Trick-768x1152.jpg 768w, https:\/\/marcomiele.de\/wp-content\/uploads\/2020\/11\/Marco-Miele-Zauber-Trick-1024x1536.jpg 1024w, https:\/\/marcomiele.de\/wp-content\/uploads\/2020\/11\/Marco-Miele-Zauber-Trick-1000x1500.jpg 1000w, https:\/\/marcomiele.de\/wp-content\/uploads\/2020\/11\/Marco-Miele-Zauber-Trick-470x705.jpg 470w, https:\/\/marcomiele.de\/wp-content\/uploads\/2020\/11\/Marco-Miele-Zauber-Trick.jpg 1280w\" data-sizes=\"(max-width: 687px) 100vw, 687px\"  aria-label=\"image Magician and mentalist of highest level\"  id='av-masonry-1-item-8120' data-av-masonry-item='8120' class='av-masonry-entry isotope-item post-8120 attachment type-attachment status-inherit hentry  av-masonry-item-with-image' title=\"Magician and mentalist of highest level\" alt=\"Stunning magic for your trade show in Stuttgart with the mentalist Marco Miele\"    itemprop=\"thumbnailUrl\" ><div class='av-inner-masonry-sizer'><\/div><figure class='av-inner-masonry main_color'><div class=\"av-masonry-outerimage-container\"><div class='av-masonry-image-container' style=\"background-image: url(https:\/\/marcomiele.de\/wp-content\/uploads\/2020\/11\/Marco-Miele-Zauber-Trick-470x705.jpg);\"  title=\"Magician and mentalist of highest level\" ><\/div><\/div><\/figure><\/a><!--end av-masonry entry--><a href=\"https:\/\/marcomiele.de\/wp-content\/uploads\/2020\/11\/Mental-Magie-Marco-Miele-Stuttgart.png\" data-srcset=\"https:\/\/marcomiele.de\/wp-content\/uploads\/2020\/11\/Mental-Magie-Marco-Miele-Stuttgart.png 998w, https:\/\/marcomiele.de\/wp-content\/uploads\/2020\/11\/Mental-Magie-Marco-Miele-Stuttgart-300x174.png 300w, https:\/\/marcomiele.de\/wp-content\/uploads\/2020\/11\/Mental-Magie-Marco-Miele-Stuttgart-768x446.png 768w, https:\/\/marcomiele.de\/wp-content\/uploads\/2020\/11\/Mental-Magie-Marco-Miele-Stuttgart-705x409.png 705w\" data-sizes=\"(max-width: 998px) 100vw, 998px\"  aria-label=\"image Mind reading for a special event\"  id='av-masonry-1-item-8126' data-av-masonry-item='8126' class='av-masonry-entry isotope-item post-8126 attachment type-attachment status-inherit hentry  av-masonry-item-with-image' title=\"Mind reading for a special event\" alt=\"Marco Miele will impress you and your guests in Munich also by reading your thoughts\"    itemprop=\"thumbnailUrl\" ><div class='av-inner-masonry-sizer'><\/div><figure class='av-inner-masonry main_color'><div class=\"av-masonry-outerimage-container\"><div class='av-masonry-image-container' style=\"background-image: url(https:\/\/marcomiele.de\/wp-content\/uploads\/2020\/11\/Mental-Magie-Marco-Miele-Stuttgart-705x409.png);\"  title=\"Mind reading for a special event\" ><\/div><\/div><\/figure><\/a><!--end av-masonry entry--><a href=\"https:\/\/marcomiele.de\/wp-content\/uploads\/2020\/11\/Menetalist-Marco-Miele-Stuttgart-Portriat.png\" data-srcset=\"https:\/\/marcomiele.de\/wp-content\/uploads\/2020\/11\/Menetalist-Marco-Miele-Stuttgart-Portriat.png 1030w, https:\/\/marcomiele.de\/wp-content\/uploads\/2020\/11\/Menetalist-Marco-Miele-Stuttgart-Portriat-300x167.png 300w, https:\/\/marcomiele.de\/wp-content\/uploads\/2020\/11\/Menetalist-Marco-Miele-Stuttgart-Portriat-768x427.png 768w, https:\/\/marcomiele.de\/wp-content\/uploads\/2020\/11\/Menetalist-Marco-Miele-Stuttgart-Portriat-705x392.png 705w\" data-sizes=\"(max-width: 1030px) 100vw, 1030px\"  aria-label=\"image Feeling people&#8217;s emotions\"  id='av-masonry-1-item-8123' data-av-masonry-item='8123' class='av-masonry-entry isotope-item post-8123 attachment type-attachment status-inherit hentry  av-masonry-item-with-image' title=\"Feeling people&#8217;s emotions\" alt=\"Mind reading and emotions perception in Berlin with Marco Miele from Stuttgart\"    itemprop=\"thumbnailUrl\" ><div class='av-inner-masonry-sizer'><\/div><figure class='av-inner-masonry main_color'><div class=\"av-masonry-outerimage-container\"><div class='av-masonry-image-container' style=\"background-image: url(https:\/\/marcomiele.de\/wp-content\/uploads\/2020\/11\/Menetalist-Marco-Miele-Stuttgart-Portriat-705x392.png);\"  title=\"Feeling people&#8217;s emotions\" ><\/div><\/div><\/figure><\/a><!--end av-masonry entry--><\/div><\/div><\/p><\/div><\/div><\/div><\/div><!-- close content main div --><\/div><\/div><div id='after_section_3'  class='main_color av_default_container_wrap container_wrap sidebar_right'  ><div class='container av-section-cont-open' ><div class='template-page content  av-content-small alpha units'><div class='post-entry post-entry-type-page post-entry-3834'><div class='entry-content-wrapper clearfix'><\/p>\n","protected":false},"excerpt":{"rendered":"","protected":false},"author":3,"featured_media":0,"parent":3830,"menu_order":0,"comment_status":"closed","ping_status":"closed","template":"","meta":{"footnotes":""},"class_list":["post-3834","page","type-page","status-publish","hentry"],"yoast_head":"<!-- This site is optimized with the Yoast SEO plugin v27.3 - https:\/\/yoast.com\/product\/yoast-seo-wordpress\/ -->\n<title>Unbelievable mental magic | The Mentalist from Stuttgart - Marco Miele - Magische Momente<\/title>\n<meta name=\"description\" content=\"The mentalist Marco Miele leaves his audience speechless by reading the spectators\u2019 mind or transferring their thoughts. Try it for yourself!\" \/>\n<meta name=\"robots\" content=\"index, follow, max-snippet:-1, max-image-preview:large, max-video-preview:-1\" \/>\n<link rel=\"canonical\" href=\"https:\/\/marcomiele.de\/en\/about\/mental-magic-stuttgart\/\" \/>\n<meta property=\"og:locale\" content=\"en_US\" \/>\n<meta property=\"og:type\" content=\"article\" \/>\n<meta property=\"og:title\" content=\"Unbelievable mental magic | The Mentalist from Stuttgart - Marco Miele - Magische Momente\" \/>\n<meta property=\"og:description\" content=\"The mentalist Marco Miele leaves his audience speechless by reading the spectators\u2019 mind or transferring their thoughts. Try it for yourself!\" \/>\n<meta property=\"og:url\" content=\"https:\/\/marcomiele.de\/en\/about\/mental-magic-stuttgart\/\" \/>\n<meta property=\"og:site_name\" content=\"Marco Miele - Magische Momente\" \/>\n<meta property=\"article:modified_time\" content=\"2025-03-26T15:50:48+00:00\" \/>\n<meta property=\"og:image\" content=\"https:\/\/marcomiele.de\/wp-content\/uploads\/2020\/04\/MarcoMiele-OG.jpg\" \/>\n\t<meta property=\"og:image:width\" content=\"1200\" \/>\n\t<meta property=\"og:image:height\" content=\"630\" \/>\n\t<meta property=\"og:image:type\" content=\"image\/jpeg\" \/>\n<meta name=\"twitter:card\" content=\"summary_large_image\" \/>\n<meta name=\"twitter:label1\" content=\"Est. reading time\" \/>\n\t<meta name=\"twitter:data1\" content=\"1 minute\" \/>\n<script type=\"application\/ld+json\" class=\"yoast-schema-graph\">{\"@context\":\"https:\\\/\\\/schema.org\",\"@graph\":[{\"@type\":\"WebPage\",\"@id\":\"https:\\\/\\\/marcomiele.de\\\/en\\\/about\\\/mental-magic-stuttgart\\\/\",\"url\":\"https:\\\/\\\/marcomiele.de\\\/en\\\/about\\\/mental-magic-stuttgart\\\/\",\"name\":\"Unbelievable mental magic | The Mentalist from Stuttgart - Marco Miele - Magische Momente\",\"isPartOf\":{\"@id\":\"https:\\\/\\\/marcomiele.de\\\/en\\\/#website\"},\"datePublished\":\"2019-08-27T18:55:26+00:00\",\"dateModified\":\"2025-03-26T15:50:48+00:00\",\"description\":\"The mentalist Marco Miele leaves his audience speechless by reading the spectators\u2019 mind or transferring their thoughts. Try it for yourself!\",\"breadcrumb\":{\"@id\":\"https:\\\/\\\/marcomiele.de\\\/en\\\/about\\\/mental-magic-stuttgart\\\/#breadcrumb\"},\"inLanguage\":\"en-US\",\"potentialAction\":[{\"@type\":\"ReadAction\",\"target\":[\"https:\\\/\\\/marcomiele.de\\\/en\\\/about\\\/mental-magic-stuttgart\\\/\"]}]},{\"@type\":\"BreadcrumbList\",\"@id\":\"https:\\\/\\\/marcomiele.de\\\/en\\\/about\\\/mental-magic-stuttgart\\\/#breadcrumb\",\"itemListElement\":[{\"@type\":\"ListItem\",\"position\":1,\"name\":\"Startseite\",\"item\":\"https:\\\/\\\/marcomiele.de\\\/en\\\/\"},{\"@type\":\"ListItem\",\"position\":2,\"name\":\"The Person\",\"item\":\"https:\\\/\\\/marcomiele.de\\\/en\\\/about\\\/\"},{\"@type\":\"ListItem\",\"position\":3,\"name\":\"The Mentalist from Stuttgart\"}]},{\"@type\":\"WebSite\",\"@id\":\"https:\\\/\\\/marcomiele.de\\\/en\\\/#website\",\"url\":\"https:\\\/\\\/marcomiele.de\\\/en\\\/\",\"name\":\"Marco Miele - Magische Momente\",\"description\":\"Als Magier und Mentalist ber\u00fchrt und erstaunt Marco Miele seine Zuschauer auf eine besondere, au\u00dfergew\u00f6hnliche, geheimnisvolle Weise.\",\"publisher\":{\"@id\":\"https:\\\/\\\/marcomiele.de\\\/en\\\/#\\\/schema\\\/person\\\/3078a1356065fc75734b8de8c883ed5f\"},\"potentialAction\":[{\"@type\":\"SearchAction\",\"target\":{\"@type\":\"EntryPoint\",\"urlTemplate\":\"https:\\\/\\\/marcomiele.de\\\/en\\\/?s={search_term_string}\"},\"query-input\":{\"@type\":\"PropertyValueSpecification\",\"valueRequired\":true,\"valueName\":\"search_term_string\"}}],\"inLanguage\":\"en-US\"},{\"@type\":[\"Person\",\"Organization\"],\"@id\":\"https:\\\/\\\/marcomiele.de\\\/en\\\/#\\\/schema\\\/person\\\/3078a1356065fc75734b8de8c883ed5f\",\"name\":\"Marco Miele\",\"logo\":{\"@id\":\"https:\\\/\\\/marcomiele.de\\\/en\\\/#\\\/schema\\\/person\\\/image\\\/\"}}]}<\/script>\n<!-- \/ Yoast SEO plugin. -->","yoast_head_json":{"title":"Unbelievable mental magic | The Mentalist from Stuttgart - Marco Miele - Magische Momente","description":"The mentalist Marco Miele leaves his audience speechless by reading the spectators\u2019 mind or transferring their thoughts. Try it for yourself!","robots":{"index":"index","follow":"follow","max-snippet":"max-snippet:-1","max-image-preview":"max-image-preview:large","max-video-preview":"max-video-preview:-1"},"canonical":"https:\/\/marcomiele.de\/en\/about\/mental-magic-stuttgart\/","og_locale":"en_US","og_type":"article","og_title":"Unbelievable mental magic | The Mentalist from Stuttgart - Marco Miele - Magische Momente","og_description":"The mentalist Marco Miele leaves his audience speechless by reading the spectators\u2019 mind or transferring their thoughts. Try it for yourself!","og_url":"https:\/\/marcomiele.de\/en\/about\/mental-magic-stuttgart\/","og_site_name":"Marco Miele - Magische Momente","article_modified_time":"2025-03-26T15:50:48+00:00","og_image":[{"width":1200,"height":630,"url":"https:\/\/marcomiele.de\/wp-content\/uploads\/2020\/04\/MarcoMiele-OG.jpg","type":"image\/jpeg"}],"twitter_card":"summary_large_image","twitter_misc":{"Est. reading time":"1 minute"},"schema":{"@context":"https:\/\/schema.org","@graph":[{"@type":"WebPage","@id":"https:\/\/marcomiele.de\/en\/about\/mental-magic-stuttgart\/","url":"https:\/\/marcomiele.de\/en\/about\/mental-magic-stuttgart\/","name":"Unbelievable mental magic | The Mentalist from Stuttgart - Marco Miele - Magische Momente","isPartOf":{"@id":"https:\/\/marcomiele.de\/en\/#website"},"datePublished":"2019-08-27T18:55:26+00:00","dateModified":"2025-03-26T15:50:48+00:00","description":"The mentalist Marco Miele leaves his audience speechless by reading the spectators\u2019 mind or transferring their thoughts. Try it for yourself!","breadcrumb":{"@id":"https:\/\/marcomiele.de\/en\/about\/mental-magic-stuttgart\/#breadcrumb"},"inLanguage":"en-US","potentialAction":[{"@type":"ReadAction","target":["https:\/\/marcomiele.de\/en\/about\/mental-magic-stuttgart\/"]}]},{"@type":"BreadcrumbList","@id":"https:\/\/marcomiele.de\/en\/about\/mental-magic-stuttgart\/#breadcrumb","itemListElement":[{"@type":"ListItem","position":1,"name":"Startseite","item":"https:\/\/marcomiele.de\/en\/"},{"@type":"ListItem","position":2,"name":"The Person","item":"https:\/\/marcomiele.de\/en\/about\/"},{"@type":"ListItem","position":3,"name":"The Mentalist from Stuttgart"}]},{"@type":"WebSite","@id":"https:\/\/marcomiele.de\/en\/#website","url":"https:\/\/marcomiele.de\/en\/","name":"Marco Miele - Magische Momente","description":"Als Magier und Mentalist ber\u00fchrt und erstaunt Marco Miele seine Zuschauer auf eine besondere, au\u00dfergew\u00f6hnliche, geheimnisvolle Weise.","publisher":{"@id":"https:\/\/marcomiele.de\/en\/#\/schema\/person\/3078a1356065fc75734b8de8c883ed5f"},"potentialAction":[{"@type":"SearchAction","target":{"@type":"EntryPoint","urlTemplate":"https:\/\/marcomiele.de\/en\/?s={search_term_string}"},"query-input":{"@type":"PropertyValueSpecification","valueRequired":true,"valueName":"search_term_string"}}],"inLanguage":"en-US"},{"@type":["Person","Organization"],"@id":"https:\/\/marcomiele.de\/en\/#\/schema\/person\/3078a1356065fc75734b8de8c883ed5f","name":"Marco Miele","logo":{"@id":"https:\/\/marcomiele.de\/en\/#\/schema\/person\/image\/"}}]}},"_links":{"self":[{"href":"https:\/\/marcomiele.de\/en\/wp-json\/wp\/v2\/pages\/3834","targetHints":{"allow":["GET"]}}],"collection":[{"href":"https:\/\/marcomiele.de\/en\/wp-json\/wp\/v2\/pages"}],"about":[{"href":"https:\/\/marcomiele.de\/en\/wp-json\/wp\/v2\/types\/page"}],"author":[{"embeddable":true,"href":"https:\/\/marcomiele.de\/en\/wp-json\/wp\/v2\/users\/3"}],"replies":[{"embeddable":true,"href":"https:\/\/marcomiele.de\/en\/wp-json\/wp\/v2\/comments?post=3834"}],"version-history":[{"count":0,"href":"https:\/\/marcomiele.de\/en\/wp-json\/wp\/v2\/pages\/3834\/revisions"}],"up":[{"embeddable":true,"href":"https:\/\/marcomiele.de\/en\/wp-json\/wp\/v2\/pages\/3830"}],"wp:attachment":[{"href":"https:\/\/marcomiele.de\/en\/wp-json\/wp\/v2\/media?parent=3834"}],"curies":[{"name":"wp","href":"https:\/\/api.w.org\/{rel}","templated":true}]}}