{"id":3339,"date":"2019-08-25T15:45:57","date_gmt":"2019-08-25T13:45:57","guid":{"rendered":"https:\/\/marcomiele.de\/?page_id=3339"},"modified":"2026-03-19T16:25:56","modified_gmt":"2026-03-19T15:25:56","slug":"agb","status":"publish","type":"page","link":"https:\/\/marcomiele.de\/en\/agb\/","title":{"rendered":"AGB"},"content":{"rendered":"\n<style type=\"text\/css\" data-created_by=\"avia_inline_auto\" id=\"style-css-av-7o4hij-e0e0b81fc4f0f8122f95b8d0c274204d\">\n#top .hr.av-7o4hij-e0e0b81fc4f0f8122f95b8d0c274204d{\nmargin-top:30px;\nmargin-bottom:30px;\n}\n.hr.av-7o4hij-e0e0b81fc4f0f8122f95b8d0c274204d .hr-inner{\nwidth:50px;\n}\n<\/style>\n<div  class='hr av-7o4hij-e0e0b81fc4f0f8122f95b8d0c274204d hr-custom  avia-builder-el-0  el_before_av_section  avia-builder-el-no-sibling  hr-center hr-icon-no'><span class='hr-inner inner-border-av-border-none'><span class=\"hr-inner-style\"><\/span><\/span><\/div>\n<\/div><\/div><\/div><!-- close content main div --><\/div><\/div><div id='av_section_1'  class='avia-section av-6awd7v-f8babf2e6d07449b6d2e436d477f9e0e main_color avia-section-default avia-no-shadow  avia-builder-el-1  el_after_av_hr  avia-builder-el-last  avia-bg-style-scroll container_wrap sidebar_right'  ><div class='container av-section-cont-open' ><div class='template-page content  av-content-small alpha units'><div class='post-entry post-entry-type-page post-entry-3339'><div class='entry-content-wrapper clearfix'>\n\n<style type=\"text\/css\" data-created_by=\"avia_inline_auto\" id=\"style-css-av-3imr8b-857c8f6ab7c5b927bb70435fe383c51f\">\n.flex_column.av-3imr8b-857c8f6ab7c5b927bb70435fe383c51f{\nborder-radius:0px 0px 0px 0px;\npadding:0px 0px 0px 0px;\n}\n<\/style>\n<div  class='flex_column av-3imr8b-857c8f6ab7c5b927bb70435fe383c51f av_one_full  avia-builder-el-2  avia-builder-el-no-sibling  first flex_column_div av-zero-column-padding  '     ><section  class='av_textblock_section av-33puiz-a43f5578d7958a0ce5825d57d68f10e0 '   itemscope=\"itemscope\" itemtype=\"https:\/\/schema.org\/CreativeWork\" ><div class='avia_textblock'  itemprop=\"text\" ><h1>AGB<\/h1>\n<div id=\"bp-page-1\" data-page-number=\"1\" data-loaded=\"true\">\n<h2>1. Allgemeines<\/h2>\n<p>Diese Allgemeinen Gesch\u00e4ftsbedingungen (nachfolgend AGB) gelten ausschlie\u00dflich f\u00fcr alle zwischen dem Zauberk\u00fcnstler Marco Miele, Baumbachweg 2\/1, 74399 Walheim (nachfolgend K\u00fcnstler) und dem jeweiligen Veranstalter (nachfolgend Auftraggeber) geschlossenen Vertr\u00e4ge.<\/p>\n<p>Jeglicher Gesch\u00e4ftsverkehr zwischen dem Veranstalter und Marco Miele unterliegen diesen AGB. Bei der Beauftragung und der Zusammenarbeit gelten diese Bedingungen als akzeptiert. Die G\u00fcltigkeit dieser AGB halten f\u00fcr die Dauer aller Projekte, Veranstaltungen und Events an und sind f\u00fcr alle Projekte, Veranstaltungen und Events g\u00fcltig.<\/p>\n<p>Grundlage f\u00fcr alle Einzelheiten der Veranstaltungsdurchf\u00fchrung ist die schriftliche Auftragsbest\u00e4tigung, die von beiden Vertragsparteien vorab unterschrieben wird und ab diesem Zeitpunkt als verbindlich gilt.<\/p>\n<h2>2. Programm, Sorgfaltspflichten<\/h2>\n<p>2.1 Die Gestaltung des Programms obliegt dem K\u00fcnstler.<\/p>\n<p>Genaue Angaben zur Uhrzeit, Art der Darbietung, Gage u.a. werden zwischen den Vertragsparteien vereinbart und in der Auftragsbest\u00e4tigung festgehalten.<\/p>\n<p>2.2 Der Auftraggeber und der K\u00fcnstler verpflichten sich, die Veranstaltung mit der n\u00f6tigen Sorgfalt vorzubereiten. Dem Auftraggeber ist der Inhalt des Programms bekannt. Alle Fragen und Absprachen den Auftritt und seine Rahmenbedingungen betreffend, sind im Vorfeld zu kl\u00e4ren.<\/p>\n<p>2.3 Der Auftraggeber ist daf\u00fcr verantwortlich, alle Vorkehrungen zu treffen, damit der Auftritt ohne St\u00f6rung verlaufen kann.<\/p>\n<h2>3. \u00d6ffentliche Verpflichtungen des Auftraggebers<\/h2>\n<p>Der Auftraggeber versichert, dass der Durchf\u00fchrung der Veranstaltung keine beh\u00f6rdlichen oder sonstige Vorschriften entgegenstehen. Geb\u00fchren wie GEMA, KSK o.\u00e4. sind vom Auftraggeber zu tragen.<\/p>\n<p>Bei Auftraggebern mit Sitz au\u00dferhalb Deutschlands ist der Auftraggeber f\u00fcr die ordnungsgem\u00e4\u00dfe Abf\u00fchrung etwaiger Quellensteuern verantwortlich. Vereinbarte Honorare sind in voller H\u00f6he geschuldet und d\u00fcrfen durch Abz\u00fcge jeglicher Art nicht gemindert werden.<\/p>\n<p><span style=\"font-size: 28px; font-weight: 600;\">4. Gage<\/span><\/p>\n<p>Der Veranstalter \u00fcbernimmt die Zahlung der vereinbarten Gage ohne Abz\u00fcge. Sofern nicht anders vereinbart, erfolgt die Auszahlung der vereinbarten Gage in der Regel nach der Veranstaltung gem\u00e4\u00df der Auftragsbest\u00e4tigung oder wenn schriftlich anders vereinbart, sp\u00e4testens vierzehn Tage nach der Veranstaltung. Der K\u00fcnstler beh\u00e4lt sich bei einer Zahlungsverz\u00f6gerung vor, Zinsen und einen Vers\u00e4umniszuschlag in einem markt\u00fcblichen Rahmen zu berechnen. Die Umsatzsteuer (7% oder 19%) wird separat ausgewiesen.<\/p>\n<h2>5. Stornierung, Ausfall des K\u00fcnstlers<\/h2>\n<p>5.1 Im Falle einer Stornierung des Auftrags seitens des Auftraggebers gilt folgende<\/p>\n<p>Staffelung:<\/p>\n<ul>\n<li>Bei Stornierung bis 8 Wochen vor der Veranstaltung sind 50% der vereinbarten Gage f\u00e4llig.<\/li>\n<li>Bei Stornierung bis 6 Wochen vor der Veranstaltung sind 80% der vereinbarten Gage f\u00e4llig.<\/li>\n<li>Bei Stornierung ab weniger als 4 Wochen vor der Veranstaltung ist die vereinbarte Gage zu 100% f\u00e4llig.<\/li>\n<\/ul>\n<p>Ereignisse, die seitens des Auftraggebers den Auftritt verhindern, entbinden nicht von der Zahlungspflicht der Gage.<\/p>\n<p>5.2 Sollte es dem K\u00fcnstler aus Gr\u00fcnden h\u00f6herer Gewalt (wie z.B. Krankheit, famili\u00e4rer Notfall etc.) nicht m\u00f6glich sein, die Veranstaltung wahrzunehmen, so ist er verpflichtet, den Auftraggeber umgehend dar\u00fcber zu informieren und wird nach bester M\u00f6glichkeit, ohne Anerkennung einer Rechtspflicht, nach einem ersetzenden K\u00fcnstler f\u00fcr den Auftraggeber suchen. Der Auftraggeber ist frei zu entscheiden, ob er den vorgeschlagenen ersetzenden K\u00fcnstler annimmt.<\/p>\n<p>Sollte der Auftraggeber diesen m\u00fcndlich oder schriftlich annehmen, so gelten ab diesem Zeitpunkt die AGB des ersetzenden K\u00fcnstlers und die vereinbarte Gage ist an diesen zu zahlen. Damit sind alle Anspr\u00fcche zwischen dem Auftraggeber und dem ausfallenden K\u00fcnstler abgegolten, der ausfallende K\u00fcnstler ist ab dem Zeitpunkt der Annahme des ersetzenden K\u00fcnstlers von allen Verpflichtungen befreit.<\/p>\n<p>Sollte der K\u00fcnstler aus Gr\u00fcnden h\u00f6herer Gewalt nicht zur Veranstaltung erscheinen k\u00f6nnen, entstehen keinerlei Forderungen gegen den K\u00fcnstler.<\/p>\n<h2>6. Vorkehrungen am Auftrittsort<\/h2>\n<p>6.1 F\u00fcr die Verk\u00f6stigung des K\u00fcnstlers und ggf. der Crew ist der Auftraggeber zust\u00e4ndig.<\/p>\n<p>6.2 Der Auftraggeber ist daf\u00fcr zust\u00e4ndig, einen geeigneten Parkplatz am Auftrittsort zum Ein- und Ausladen f\u00fcr den K\u00fcnstler zur Verf\u00fcgung zu stellen. Etwaige Parkkosten sind vom Auftraggeber zu \u00fcbernehmen.<\/p>\n<p>6.3 Der Auftraggeber sorgt f\u00fcr die elektrische Versorgung f\u00fcr die Darbietung des K\u00fcnstlers. Sollte es dem Auftraggeber m\u00f6glich sein, einen Raum zur Umkleide zur Verf\u00fcgung zu stellen, ist dies im Sinne des K\u00fcnstlers w\u00fcnschenswert, aber nicht verpflichtend.<\/p>\n<h2>7. Haftung<\/h2>\n<p>7.1 Der Veranstalter haftet f\u00fcr alle Sch\u00e4den an den Requisiten und den dazugeh\u00f6rigen Ger\u00e4ten, die durch ihn oder Besucher seiner Veranstaltung entstehen.<\/p>\n<p>7.2 F\u00fcr Sch\u00e4den des Lebens, K\u00f6rpers oder der Gesundheit, die auf grobe Fahrl\u00e4ssigkeit und Pflichtverletzung zur\u00fcckzuf\u00fchren sind, gelten die gesetzlichen Regelungen.<\/p>\n<p>7.3 Keine Haftung wird \u00fcbernommen f\u00fcr den Datenmissbrauch oder Datenverlust durch Dritte, es sei denn, es liegt Vorsatz oder grobe Fahrl\u00e4ssigkeit vor.<\/p>\n<h2>8. Bild- und Tonmaterial, Werbung<\/h2>\n<p>8.1 Bild- und Tonaufzeichnungen w\u00e4hrend der Darbietung sind f\u00fcr private Zwecke gestattet, bed\u00fcrfen aber zur Ver\u00f6ffentlichung der Genehmigung des K\u00fcnstlers. Das Urheberrecht der gesamten Darbietung liegt beim K\u00fcnstler.<\/p>\n<p>8.2 Die Bewerbung des K\u00fcnstlers und seiner Darbietung ist erw\u00fcnscht und erfolgt ausschlie\u00dflich mit dem vom K\u00fcnstler zur Verf\u00fcgung gestellten Material. Dieses beinhaltet Bild- und Videomaterial, sowie den aktuellen Pressetext.<\/p>\n<h2>9. Verschwiegenheitspflicht<\/h2>\n<p>\u00dcber alle Bestandteile des Vertrags, der Veranstaltung und der Darbietung selbst ist f\u00fcr beide Vertragsparteien Stillschweigen zu bewahren. Pers\u00f6nliche Daten sind von beiden Vertragsparteien vertraulich zu behandeln.<\/p>\n<h2>Salvatorische Klausel<\/h2>\n<p>Sollte eine Bestimmung dieser Vereinbarung ganz oder teilweise unwirksam sein oder ihre Rechtswirksamkeit sp\u00e4ter verlieren, so soll hierdurch die G\u00fcltigkeit der \u00fcbrigen Bestimmungen nicht ber\u00fchrt werden. Anstelle der unwirksamen Bestimmung soll im Wege der Vertragsanpassung eine andere angemessene Regelung gelten, die wirtschaftlich dem am n\u00e4chsten kommt, was die Vertragsparteien gewollt h\u00e4tten, wenn ihnen die Unwirksamkeit der Regelung bekannt gewesen w\u00e4re.<\/p>\n<\/div>\n<\/div><\/section><\/div><\/div><\/div><\/div><!-- close content main div --><\/div><\/div><div id='after_section_1'  class='main_color av_default_container_wrap container_wrap sidebar_right'  ><div class='container av-section-cont-open' ><div class='template-page content  av-content-small alpha units'><div class='post-entry post-entry-type-page post-entry-3339'><div class='entry-content-wrapper clearfix'>\n","protected":false},"excerpt":{"rendered":"","protected":false},"author":1,"featured_media":0,"parent":0,"menu_order":0,"comment_status":"closed","ping_status":"closed","template":"","meta":{"footnotes":""},"class_list":["post-3339","page","type-page","status-publish","hentry"],"yoast_head":"<!-- This site is optimized with the Yoast SEO plugin v27.3 - https:\/\/yoast.com\/product\/yoast-seo-wordpress\/ -->\n<title>AGB - Marco Miele - Magische Momente<\/title>\n<meta name=\"robots\" content=\"index, follow, max-snippet:-1, max-image-preview:large, max-video-preview:-1\" \/>\n<link rel=\"canonical\" href=\"https:\/\/marcomiele.de\/en\/agb\/\" \/>\n<meta property=\"og:locale\" content=\"en_US\" \/>\n<meta property=\"og:type\" content=\"article\" \/>\n<meta property=\"og:title\" content=\"AGB - Marco Miele - Magische Momente\" \/>\n<meta property=\"og:url\" content=\"https:\/\/marcomiele.de\/en\/agb\/\" \/>\n<meta property=\"og:site_name\" content=\"Marco Miele - Magische Momente\" \/>\n<meta property=\"article:modified_time\" content=\"2026-03-19T15:25:56+00:00\" \/>\n<meta property=\"og:image\" content=\"https:\/\/marcomiele.de\/wp-content\/uploads\/2020\/04\/MarcoMiele-OG.jpg\" \/>\n\t<meta property=\"og:image:width\" content=\"1200\" \/>\n\t<meta property=\"og:image:height\" content=\"630\" \/>\n\t<meta property=\"og:image:type\" content=\"image\/jpeg\" \/>\n<meta name=\"twitter:card\" content=\"summary_large_image\" \/>\n<meta name=\"twitter:label1\" content=\"Est. reading time\" \/>\n\t<meta name=\"twitter:data1\" content=\"4 minutes\" \/>\n<script type=\"application\/ld+json\" class=\"yoast-schema-graph\">{\"@context\":\"https:\\\/\\\/schema.org\",\"@graph\":[{\"@type\":\"WebPage\",\"@id\":\"https:\\\/\\\/marcomiele.de\\\/en\\\/agb\\\/\",\"url\":\"https:\\\/\\\/marcomiele.de\\\/en\\\/agb\\\/\",\"name\":\"AGB - Marco Miele - Magische Momente\",\"isPartOf\":{\"@id\":\"https:\\\/\\\/marcomiele.de\\\/en\\\/#website\"},\"datePublished\":\"2019-08-25T13:45:57+00:00\",\"dateModified\":\"2026-03-19T15:25:56+00:00\",\"breadcrumb\":{\"@id\":\"https:\\\/\\\/marcomiele.de\\\/en\\\/agb\\\/#breadcrumb\"},\"inLanguage\":\"en-US\",\"potentialAction\":[{\"@type\":\"ReadAction\",\"target\":[\"https:\\\/\\\/marcomiele.de\\\/en\\\/agb\\\/\"]}]},{\"@type\":\"BreadcrumbList\",\"@id\":\"https:\\\/\\\/marcomiele.de\\\/en\\\/agb\\\/#breadcrumb\",\"itemListElement\":[{\"@type\":\"ListItem\",\"position\":1,\"name\":\"Startseite\",\"item\":\"https:\\\/\\\/marcomiele.de\\\/en\\\/\"},{\"@type\":\"ListItem\",\"position\":2,\"name\":\"AGB\"}]},{\"@type\":\"WebSite\",\"@id\":\"https:\\\/\\\/marcomiele.de\\\/en\\\/#website\",\"url\":\"https:\\\/\\\/marcomiele.de\\\/en\\\/\",\"name\":\"Marco Miele - Magische Momente\",\"description\":\"Als Magier und Mentalist ber\u00fchrt und erstaunt Marco Miele seine Zuschauer auf eine besondere, au\u00dfergew\u00f6hnliche, geheimnisvolle Weise.\",\"publisher\":{\"@id\":\"https:\\\/\\\/marcomiele.de\\\/en\\\/#\\\/schema\\\/person\\\/3078a1356065fc75734b8de8c883ed5f\"},\"potentialAction\":[{\"@type\":\"SearchAction\",\"target\":{\"@type\":\"EntryPoint\",\"urlTemplate\":\"https:\\\/\\\/marcomiele.de\\\/en\\\/?s={search_term_string}\"},\"query-input\":{\"@type\":\"PropertyValueSpecification\",\"valueRequired\":true,\"valueName\":\"search_term_string\"}}],\"inLanguage\":\"en-US\"},{\"@type\":[\"Person\",\"Organization\"],\"@id\":\"https:\\\/\\\/marcomiele.de\\\/en\\\/#\\\/schema\\\/person\\\/3078a1356065fc75734b8de8c883ed5f\",\"name\":\"Marco Miele\",\"logo\":{\"@id\":\"https:\\\/\\\/marcomiele.de\\\/en\\\/#\\\/schema\\\/person\\\/image\\\/\"}}]}<\/script>\n<!-- \/ Yoast SEO plugin. -->","yoast_head_json":{"title":"AGB - Marco Miele - Magische Momente","robots":{"index":"index","follow":"follow","max-snippet":"max-snippet:-1","max-image-preview":"max-image-preview:large","max-video-preview":"max-video-preview:-1"},"canonical":"https:\/\/marcomiele.de\/en\/agb\/","og_locale":"en_US","og_type":"article","og_title":"AGB - Marco Miele - Magische Momente","og_url":"https:\/\/marcomiele.de\/en\/agb\/","og_site_name":"Marco Miele - Magische Momente","article_modified_time":"2026-03-19T15:25:56+00:00","og_image":[{"width":1200,"height":630,"url":"https:\/\/marcomiele.de\/wp-content\/uploads\/2020\/04\/MarcoMiele-OG.jpg","type":"image\/jpeg"}],"twitter_card":"summary_large_image","twitter_misc":{"Est. reading time":"4 minutes"},"schema":{"@context":"https:\/\/schema.org","@graph":[{"@type":"WebPage","@id":"https:\/\/marcomiele.de\/en\/agb\/","url":"https:\/\/marcomiele.de\/en\/agb\/","name":"AGB - Marco Miele - Magische Momente","isPartOf":{"@id":"https:\/\/marcomiele.de\/en\/#website"},"datePublished":"2019-08-25T13:45:57+00:00","dateModified":"2026-03-19T15:25:56+00:00","breadcrumb":{"@id":"https:\/\/marcomiele.de\/en\/agb\/#breadcrumb"},"inLanguage":"en-US","potentialAction":[{"@type":"ReadAction","target":["https:\/\/marcomiele.de\/en\/agb\/"]}]},{"@type":"BreadcrumbList","@id":"https:\/\/marcomiele.de\/en\/agb\/#breadcrumb","itemListElement":[{"@type":"ListItem","position":1,"name":"Startseite","item":"https:\/\/marcomiele.de\/en\/"},{"@type":"ListItem","position":2,"name":"AGB"}]},{"@type":"WebSite","@id":"https:\/\/marcomiele.de\/en\/#website","url":"https:\/\/marcomiele.de\/en\/","name":"Marco Miele - Magische Momente","description":"Als Magier und Mentalist ber\u00fchrt und erstaunt Marco Miele seine Zuschauer auf eine besondere, au\u00dfergew\u00f6hnliche, geheimnisvolle Weise.","publisher":{"@id":"https:\/\/marcomiele.de\/en\/#\/schema\/person\/3078a1356065fc75734b8de8c883ed5f"},"potentialAction":[{"@type":"SearchAction","target":{"@type":"EntryPoint","urlTemplate":"https:\/\/marcomiele.de\/en\/?s={search_term_string}"},"query-input":{"@type":"PropertyValueSpecification","valueRequired":true,"valueName":"search_term_string"}}],"inLanguage":"en-US"},{"@type":["Person","Organization"],"@id":"https:\/\/marcomiele.de\/en\/#\/schema\/person\/3078a1356065fc75734b8de8c883ed5f","name":"Marco Miele","logo":{"@id":"https:\/\/marcomiele.de\/en\/#\/schema\/person\/image\/"}}]}},"_links":{"self":[{"href":"https:\/\/marcomiele.de\/en\/wp-json\/wp\/v2\/pages\/3339","targetHints":{"allow":["GET"]}}],"collection":[{"href":"https:\/\/marcomiele.de\/en\/wp-json\/wp\/v2\/pages"}],"about":[{"href":"https:\/\/marcomiele.de\/en\/wp-json\/wp\/v2\/types\/page"}],"author":[{"embeddable":true,"href":"https:\/\/marcomiele.de\/en\/wp-json\/wp\/v2\/users\/1"}],"replies":[{"embeddable":true,"href":"https:\/\/marcomiele.de\/en\/wp-json\/wp\/v2\/comments?post=3339"}],"version-history":[{"count":2,"href":"https:\/\/marcomiele.de\/en\/wp-json\/wp\/v2\/pages\/3339\/revisions"}],"predecessor-version":[{"id":23125,"href":"https:\/\/marcomiele.de\/en\/wp-json\/wp\/v2\/pages\/3339\/revisions\/23125"}],"wp:attachment":[{"href":"https:\/\/marcomiele.de\/en\/wp-json\/wp\/v2\/media?parent=3339"}],"curies":[{"name":"wp","href":"https:\/\/api.w.org\/{rel}","templated":true}]}}